{"id":25449,"date":"2024-10-21T11:58:03","date_gmt":"2024-10-21T09:58:03","guid":{"rendered":"https:\/\/www.campinglafoce.com\/preventivo-online\/"},"modified":"2025-08-27T12:37:26","modified_gmt":"2025-08-27T10:37:26","slug":"online-praeventiv","status":"publish","type":"page","link":"https:\/\/www.campinglafoce.com\/da\/online-praeventiv\/","title":{"rendered":"Online Pr\u00e6ventiv"},"content":{"rendered":"\t\t<div data-elementor-type=\"wp-page\" data-elementor-id=\"25449\" class=\"elementor elementor-25449 elementor-22684\">\n\t\t\t\t<div class=\"elementor-element elementor-element-76cd830 e-con-full e-flex e-con e-parent\" data-id=\"76cd830\" data-element_type=\"container\" data-e-type=\"container\" data-settings=\"{&quot;background_background&quot;:&quot;classic&quot;}\">\n\t\t\t\t<div class=\"elementor-element elementor-element-54862c9 elementor-widget elementor-widget-spacer\" data-id=\"54862c9\" data-element_type=\"widget\" data-e-type=\"widget\" data-widget_type=\"spacer.default\">\n\t\t\t\t<div class=\"elementor-widget-container\">\n\t\t\t\t\t\t\t<div class=\"elementor-spacer\">\n\t\t\t<div class=\"elementor-spacer-inner\"><\/div>\n\t\t<\/div>\n\t\t\t\t\t\t<\/div>\n\t\t\t\t<\/div>\n\t\t\t\t<\/div>\n\t\t<div class=\"elementor-element elementor-element-37c8945a e-flex e-con-boxed e-con e-parent\" data-id=\"37c8945a\" data-element_type=\"container\" data-e-type=\"container\" data-settings=\"{&quot;background_background&quot;:&quot;classic&quot;}\">\n\t\t\t\t\t<div class=\"e-con-inner\">\n\t\t<div class=\"elementor-element elementor-element-1b6648c1 e-con-full e-flex e-con e-child\" data-id=\"1b6648c1\" data-element_type=\"container\" data-e-type=\"container\" data-settings=\"{&quot;background_background&quot;:&quot;classic&quot;}\">\n\t\t\t\t<div class=\"elementor-element elementor-element-7de7b025 elementor-widget__width-auto elementor-absolute elementor-hidden-tablet elementor-hidden-mobile elementor-widget elementor-widget-edublink-animation\" data-id=\"7de7b025\" data-element_type=\"widget\" data-e-type=\"widget\" data-settings=\"{&quot;_position&quot;:&quot;absolute&quot;}\" data-widget_type=\"edublink-animation.default\">\n\t\t\t\t<div class=\"elementor-widget-container\">\n\t\t\t\t\t<div class=\"edublink-animation-widget edublink-animation-display-type-mouse-track edublink-animation-content-type-image edublink-mouse-track-item\"><span data-depth=\"2\"><img decoding=\"async\" src=\"https:\/\/www.campinglafoce.com\/wp-content\/uploads\/shape-06.png\" alt=\"shape-06\"><\/span><\/div>\t\t\t\t<\/div>\n\t\t\t\t<\/div>\n\t\t<div class=\"elementor-element elementor-element-3ce40e90 e-con-full e-flex e-con e-child\" data-id=\"3ce40e90\" data-element_type=\"container\" data-e-type=\"container\" data-settings=\"{&quot;background_background&quot;:&quot;classic&quot;}\">\n\t\t<div class=\"elementor-element elementor-element-37b220fe e-con-full e-flex e-con e-child\" data-id=\"37b220fe\" data-element_type=\"container\" data-e-type=\"container\" data-settings=\"{&quot;background_background&quot;:&quot;classic&quot;}\">\n\t\t\t\t<div class=\"elementor-element elementor-element-5c606fe6 elementor-widget elementor-widget-heading\" data-id=\"5c606fe6\" data-element_type=\"widget\" data-e-type=\"widget\" data-widget_type=\"heading.default\">\n\t\t\t\t<div class=\"elementor-widget-container\">\n\t\t\t\t\t<h5 class=\"elementor-heading-title elementor-size-default\">Se vores<\/h5>\t\t\t\t<\/div>\n\t\t\t\t<\/div>\n\t\t\t\t<div class=\"elementor-element elementor-element-1747cc6 elementor-widget elementor-widget-edublink-button\" data-id=\"1747cc6\" data-element_type=\"widget\" data-e-type=\"widget\" data-widget_type=\"edublink-button.default\">\n\t\t\t\t<div class=\"elementor-widget-container\">\n\t\t\t\t\t<div class=\"edublink-button-widget-wrapper\"><a class=\"edublink-button-item edublink-button-style-custom edublink-button-size-small edublink-button-icon-position-\" href=\"\/da\/priser\/\">PRISER<\/a><\/div>\t\t\t\t<\/div>\n\t\t\t\t<\/div>\n\t\t\t\t<\/div>\n\t\t<div class=\"elementor-element elementor-element-4c1f7295 e-con-full e-flex e-con e-child\" data-id=\"4c1f7295\" data-element_type=\"container\" data-e-type=\"container\" data-settings=\"{&quot;background_background&quot;:&quot;classic&quot;}\">\n\t\t\t\t<div class=\"elementor-element elementor-element-29fb2455 elementor-widget elementor-widget-heading\" data-id=\"29fb2455\" data-element_type=\"widget\" data-e-type=\"widget\" data-widget_type=\"heading.default\">\n\t\t\t\t<div class=\"elementor-widget-container\">\n\t\t\t\t\t<h5 class=\"elementor-heading-title elementor-size-default\">Send os din<\/h5>\t\t\t\t<\/div>\n\t\t\t\t<\/div>\n\t\t\t\t<div class=\"elementor-element elementor-element-2585286d elementor-widget elementor-widget-edublink-button\" data-id=\"2585286d\" data-element_type=\"widget\" data-e-type=\"widget\" data-widget_type=\"edublink-button.default\">\n\t\t\t\t<div class=\"elementor-widget-container\">\n\t\t\t\t\t<div class=\"edublink-button-widget-wrapper\"><a class=\"edublink-button-item edublink-button-style-custom edublink-button-size-small edublink-button-icon-position-\" href=\"\/da\/information-og-kontakter\/\">FORESP\u00d8RGSEL<\/a><\/div>\t\t\t\t<\/div>\n\t\t\t\t<\/div>\n\t\t\t\t<\/div>\n\t\t\t\t<\/div>\n\t\t\t\t<\/div>\n\t\t\t\t\t<\/div>\n\t\t\t\t<\/div>\n\t\t<div class=\"elementor-element elementor-element-bd7f657 e-flex e-con-boxed e-con e-parent\" data-id=\"bd7f657\" data-element_type=\"container\" data-e-type=\"container\" data-settings=\"{&quot;background_background&quot;:&quot;classic&quot;,&quot;shape_divider_bottom&quot;:&quot;tilt&quot;}\">\n\t\t\t\t\t<div class=\"e-con-inner\">\n\t\t\t\t<div class=\"elementor-shape elementor-shape-bottom\" aria-hidden=\"true\" data-negative=\"false\">\n\t\t\t<svg xmlns=\"http:\/\/www.w3.org\/2000\/svg\" viewBox=\"0 0 1000 100\" preserveAspectRatio=\"none\">\n\t<path class=\"elementor-shape-fill\" d=\"M0,6V0h1000v100L0,6z\"\/>\n<\/svg>\t\t<\/div>\n\t\t<div class=\"elementor-element elementor-element-eafbd80 e-con-full e-flex e-con e-child\" data-id=\"eafbd80\" data-element_type=\"container\" data-e-type=\"container\">\n\t\t\t\t<div class=\"elementor-element elementor-element-6a19ce7 elementor-widget__width-auto elementor-absolute elementor-hidden-tablet elementor-hidden-mobile about-us-3-main elementor-invisible elementor-widget elementor-widget-edublink-animation\" data-id=\"6a19ce7\" data-element_type=\"widget\" data-e-type=\"widget\" data-settings=\"{&quot;_position&quot;:&quot;absolute&quot;,&quot;_animation&quot;:&quot;fadeIn&quot;,&quot;_animation_delay&quot;:500}\" data-widget_type=\"edublink-animation.default\">\n\t\t\t\t<div class=\"elementor-widget-container\">\n\t\t\t\t\t<div class=\"edublink-animation-widget edublink-animation-display-type-mouse-track edublink-animation-content-type-color edublink-mouse-track-item\"><span data-depth=\"\"><span class=\"edublink-animation-widget-color\"><\/span><\/span><\/div>\t\t\t\t<\/div>\n\t\t\t\t<\/div>\n\t\t\t\t<div class=\"elementor-element elementor-element-26c3a54 elementor-invisible elementor-widget elementor-widget-edublink-heading\" data-id=\"26c3a54\" data-element_type=\"widget\" data-e-type=\"widget\" data-settings=\"{&quot;_animation&quot;:&quot;edublink--slide-up&quot;,&quot;_animation_delay&quot;:150}\" data-widget_type=\"edublink-heading.default\">\n\t\t\t\t<div class=\"elementor-widget-container\">\n\t\t\t\t\t<div class=\"edublink-section-heading\"><span class=\"pre-heading\">PRISER 2025<\/span><h3 class=\"heading\"><mark>Online<\/mark> pr\u00e6ventiv<\/h3><div class=\"title-shape\"><i class=\"icon-19\"><\/i><\/div><\/div>\t\t\t\t<\/div>\n\t\t\t\t<\/div>\n\t\t\t\t<div class=\"elementor-element elementor-element-fe63382 elementor-widget elementor-widget-text-editor\" data-id=\"fe63382\" data-element_type=\"widget\" data-e-type=\"widget\" data-widget_type=\"text-editor.default\">\n\t\t\t\t<div class=\"elementor-widget-container\">\n\t\t\t\t\t\t\t\t\tOnlinetilbuddet er et v\u00e6rkt\u00f8j, der hj\u00e6lper dig med at beregne prisen p\u00e5 din ferie. Dette v\u00e6rkt\u00f8j giver IKKE nogen information om tilg\u00e6ngeligheden af \u200b\u200bcampingpladsen eller andre indkvarteringsmuligheder i de valgte perioder.\t\t\t\t\t\t\t\t<\/div>\n\t\t\t\t<\/div>\n\t\t\t\t<div class=\"elementor-element elementor-element-1ce26ee elementor-widget elementor-widget-text-editor\" data-id=\"1ce26ee\" data-element_type=\"widget\" data-e-type=\"widget\" data-widget_type=\"text-editor.default\">\n\t\t\t\t<div class=\"elementor-widget-container\">\n\t\t\t\t\t\t\t\t\tHvis du er interesseret i at tjekke tilg\u00e6ngelighed, bedes du <a href=\"https:\/\/www.campinglafoce.com\/da\/information-og-kontakter\/\">kontakte os<\/a>, og vi vil svare hurtigst muligt.\t\t\t\t\t\t\t\t<\/div>\n\t\t\t\t<\/div>\n\t\t\t\t<div class=\"elementor-element elementor-element-35b7984 elementor-widget elementor-widget-shortcode\" data-id=\"35b7984\" data-element_type=\"widget\" data-e-type=\"widget\" data-widget_type=\"shortcode.default\">\n\t\t\t\t<div class=\"elementor-widget-container\">\n\t\t\t\t\t<script type=\"text\/javascript\">window[\"ccb_front_template_26044\"] = [];<\/script>\t\t<div class=\"elementor-shortcode\">\n<div class=\"ccb-main-widget \" id=\"ccb_app_26044\" data-calc-id=\"26044\"><\/div>\n<\/div>\n\t\t\t\t\t\t<\/div>\n\t\t\t\t<\/div>\n\t\t\t\t<\/div>\n\t\t\t\t\t<\/div>\n\t\t\t\t<\/div>\n\t\t<div class=\"elementor-element elementor-element-7a44b80 e-con-full e-flex e-con e-parent\" data-id=\"7a44b80\" data-element_type=\"container\" data-e-type=\"container\">\n\t\t<div class=\"elementor-element elementor-element-82e20a3 edublink-br-tp-none e-flex e-con-boxed elementor-invisible e-con e-child\" data-id=\"82e20a3\" data-element_type=\"container\" data-e-type=\"container\" data-settings=\"{&quot;animation&quot;:&quot;edublink--slide-left&quot;,&quot;animation_delay&quot;:150}\">\n\t\t\t\t\t<div class=\"e-con-inner\">\n\t\t\t\t<div class=\"elementor-element elementor-element-927ba30 elementor-invisible elementor-widget elementor-widget-edublink-heading\" data-id=\"927ba30\" data-element_type=\"widget\" data-e-type=\"widget\" data-settings=\"{&quot;_animation&quot;:&quot;edublink--slide-up&quot;,&quot;_animation_delay&quot;:150}\" data-widget_type=\"edublink-heading.default\">\n\t\t\t\t<div class=\"elementor-widget-container\">\n\t\t\t\t\t<div class=\"edublink-section-heading\"><h3 class=\"heading\">Forbehold<\/h3><div class=\"title-shape\"><i class=\"icon-19\"><\/i><\/div><\/div>\t\t\t\t<\/div>\n\t\t\t\t<\/div>\n\t\t\t\t<div class=\"elementor-element elementor-element-c0b2efb elementor-widget elementor-widget-text-editor\" data-id=\"c0b2efb\" data-element_type=\"widget\" data-e-type=\"widget\" data-widget_type=\"text-editor.default\">\n\t\t\t\t<div class=\"elementor-widget-container\">\n\t\t\t\t\t\t\t\t\t<p>Reservationer er \u00e5bne. Disse foretages skriftligt og kr\u00e6ver betaling af et depositum, som skal modtages ved bankoverf\u00f8rsel. Hvis fristerne ikke overholdes, vil reservationsanmodningen blive annulleret.<\/p>\n<p>Restbel\u00f8bet skal betales mindst 1 dag. f\u00f8r afrejse kontant eller med betalingskort. Reservationen indeb\u00e6rer betaling af opholdet beregnet p\u00e5 grundlag af hele den bekr\u00e6ftede periode, ogs\u00e5 i tilf\u00e6lde af sen ankomst (skal meddeles omg\u00e5ende for ikke at annullere reservationen) eller tidlig afrejse.<\/p>\t\t\t\t\t\t\t\t<\/div>\n\t\t\t\t<\/div>\n\t\t\t\t\t<\/div>\n\t\t\t\t<\/div>\n\t\t\t\t<\/div>\n\t\t\t\t<\/div>\n\t\t","protected":false},"excerpt":{"rendered":"<p>Se vores PRISER Send os din FORESP\u00d8RGSEL PRISER 2025 Online pr\u00e6ventiv Onlinetilbuddet er et v\u00e6rkt\u00f8j, der hj\u00e6lper dig med at beregne prisen p\u00e5 din ferie. Dette v\u00e6rkt\u00f8j giver IKKE nogen information om tilg\u00e6ngeligheden af \u200b\u200bcampingpladsen eller andre indkvarteringsmuligheder i de valgte perioder.Hvis du er interesseret i at tjekke tilg\u00e6ngelighed, bedes du kontakte os, og vi&#8230;<\/p>\n","protected":false},"author":1,"featured_media":0,"parent":0,"menu_order":40,"comment_status":"closed","ping_status":"closed","template":"","meta":{"footnotes":""},"class_list":["post-25449","page","type-page","status-publish","hentry"],"yoast_head":"<!-- This site is optimized with the Yoast SEO plugin v27.3 - https:\/\/yoast.com\/product\/yoast-seo-wordpress\/ -->\n<title>Online Pr\u00e6ventiv - Camping La Foce, \u00d8en Elba<\/title>\n<meta name=\"robots\" content=\"index, follow, max-snippet:-1, max-image-preview:large, max-video-preview:-1\" \/>\n<link rel=\"canonical\" href=\"https:\/\/www.campinglafoce.com\/da\/online-praeventiv\/\" \/>\n<meta property=\"og:locale\" content=\"da_DK\" \/>\n<meta property=\"og:type\" content=\"article\" \/>\n<meta property=\"og:title\" content=\"Online Pr\u00e6ventiv - Camping La Foce, \u00d8en Elba\" \/>\n<meta property=\"og:description\" content=\"Se vores PRISER Send os din FORESP\u00d8RGSEL PRISER 2025 Online pr\u00e6ventiv Onlinetilbuddet er et v\u00e6rkt\u00f8j, der hj\u00e6lper dig med at beregne prisen p\u00e5 din ferie. Dette v\u00e6rkt\u00f8j giver IKKE nogen information om tilg\u00e6ngeligheden af \u200b\u200bcampingpladsen eller andre indkvarteringsmuligheder i de valgte perioder.Hvis du er interesseret i at tjekke tilg\u00e6ngelighed, bedes du kontakte os, og vi&#8230;\" \/>\n<meta property=\"og:url\" content=\"https:\/\/www.campinglafoce.com\/da\/online-praeventiv\/\" \/>\n<meta property=\"og:site_name\" content=\"Camping La Foce\" \/>\n<meta property=\"article:publisher\" content=\"https:\/\/www.facebook.com\/patriziacampinglafoce\/\" \/>\n<meta property=\"article:modified_time\" content=\"2025-08-27T10:37:26+00:00\" \/>\n<meta property=\"og:image\" content=\"https:\/\/www.campinglafoce.com\/wp-content\/uploads\/shape-06.png\" \/>\n<meta name=\"twitter:card\" content=\"summary_large_image\" \/>\n<script type=\"application\/ld+json\" class=\"yoast-schema-graph\">{\"@context\":\"https:\\\/\\\/schema.org\",\"@graph\":[{\"@type\":\"WebPage\",\"@id\":\"https:\\\/\\\/www.campinglafoce.com\\\/da\\\/online-praeventiv\\\/\",\"url\":\"https:\\\/\\\/www.campinglafoce.com\\\/da\\\/online-praeventiv\\\/\",\"name\":\"Online Pr\u00e6ventiv - Camping La Foce, \u00d8en Elba\",\"isPartOf\":{\"@id\":\"https:\\\/\\\/www.campinglafoce.com\\\/da\\\/#website\"},\"primaryImageOfPage\":{\"@id\":\"https:\\\/\\\/www.campinglafoce.com\\\/da\\\/online-praeventiv\\\/#primaryimage\"},\"image\":{\"@id\":\"https:\\\/\\\/www.campinglafoce.com\\\/da\\\/online-praeventiv\\\/#primaryimage\"},\"thumbnailUrl\":\"https:\\\/\\\/www.campinglafoce.com\\\/wp-content\\\/uploads\\\/shape-06.png\",\"datePublished\":\"2024-10-21T09:58:03+00:00\",\"dateModified\":\"2025-08-27T10:37:26+00:00\",\"breadcrumb\":{\"@id\":\"https:\\\/\\\/www.campinglafoce.com\\\/da\\\/online-praeventiv\\\/#breadcrumb\"},\"inLanguage\":\"da-DK\",\"potentialAction\":[{\"@type\":\"ReadAction\",\"target\":[\"https:\\\/\\\/www.campinglafoce.com\\\/da\\\/online-praeventiv\\\/\"]}]},{\"@type\":\"ImageObject\",\"inLanguage\":\"da-DK\",\"@id\":\"https:\\\/\\\/www.campinglafoce.com\\\/da\\\/online-praeventiv\\\/#primaryimage\",\"url\":\"https:\\\/\\\/www.campinglafoce.com\\\/wp-content\\\/uploads\\\/shape-06.png\",\"contentUrl\":\"https:\\\/\\\/www.campinglafoce.com\\\/wp-content\\\/uploads\\\/shape-06.png\"},{\"@type\":\"BreadcrumbList\",\"@id\":\"https:\\\/\\\/www.campinglafoce.com\\\/da\\\/online-praeventiv\\\/#breadcrumb\",\"itemListElement\":[{\"@type\":\"ListItem\",\"position\":1,\"name\":\"Home\",\"item\":\"https:\\\/\\\/www.campinglafoce.com\\\/da\\\/\"},{\"@type\":\"ListItem\",\"position\":2,\"name\":\"Online Pr\u00e6ventiv\"}]},{\"@type\":\"WebSite\",\"@id\":\"https:\\\/\\\/www.campinglafoce.com\\\/da\\\/#website\",\"url\":\"https:\\\/\\\/www.campinglafoce.com\\\/da\\\/\",\"name\":\"Camping La Foce\",\"description\":\"\u00d8en Elba\",\"publisher\":{\"@id\":\"https:\\\/\\\/www.campinglafoce.com\\\/da\\\/#organization\"},\"potentialAction\":[{\"@type\":\"SearchAction\",\"target\":{\"@type\":\"EntryPoint\",\"urlTemplate\":\"https:\\\/\\\/www.campinglafoce.com\\\/da\\\/?s={search_term_string}\"},\"query-input\":{\"@type\":\"PropertyValueSpecification\",\"valueRequired\":true,\"valueName\":\"search_term_string\"}}],\"inLanguage\":\"da-DK\"},{\"@type\":\"Organization\",\"@id\":\"https:\\\/\\\/www.campinglafoce.com\\\/da\\\/#organization\",\"name\":\"Camping La Foce\",\"url\":\"https:\\\/\\\/www.campinglafoce.com\\\/da\\\/\",\"logo\":{\"@type\":\"ImageObject\",\"inLanguage\":\"da-DK\",\"@id\":\"https:\\\/\\\/www.campinglafoce.com\\\/da\\\/#\\\/schema\\\/logo\\\/image\\\/\",\"url\":\"https:\\\/\\\/www.campinglafoce.com\\\/wp-content\\\/uploads\\\/camping_la_foce_w_small.png\",\"contentUrl\":\"https:\\\/\\\/www.campinglafoce.com\\\/wp-content\\\/uploads\\\/camping_la_foce_w_small.png\",\"width\":248,\"height\":45,\"caption\":\"Camping La Foce\"},\"image\":{\"@id\":\"https:\\\/\\\/www.campinglafoce.com\\\/da\\\/#\\\/schema\\\/logo\\\/image\\\/\"},\"sameAs\":[\"https:\\\/\\\/www.facebook.com\\\/patriziacampinglafoce\\\/\",\"https:\\\/\\\/www.instagram.com\\\/campinglafoce\\\/\"]}]}<\/script>\n<!-- \/ Yoast SEO plugin. -->","yoast_head_json":{"title":"Online Pr\u00e6ventiv - Camping La Foce, \u00d8en Elba","robots":{"index":"index","follow":"follow","max-snippet":"max-snippet:-1","max-image-preview":"max-image-preview:large","max-video-preview":"max-video-preview:-1"},"canonical":"https:\/\/www.campinglafoce.com\/da\/online-praeventiv\/","og_locale":"da_DK","og_type":"article","og_title":"Online Pr\u00e6ventiv - Camping La Foce, \u00d8en Elba","og_description":"Se vores PRISER Send os din FORESP\u00d8RGSEL PRISER 2025 Online pr\u00e6ventiv Onlinetilbuddet er et v\u00e6rkt\u00f8j, der hj\u00e6lper dig med at beregne prisen p\u00e5 din ferie. Dette v\u00e6rkt\u00f8j giver IKKE nogen information om tilg\u00e6ngeligheden af \u200b\u200bcampingpladsen eller andre indkvarteringsmuligheder i de valgte perioder.Hvis du er interesseret i at tjekke tilg\u00e6ngelighed, bedes du kontakte os, og vi&#8230;","og_url":"https:\/\/www.campinglafoce.com\/da\/online-praeventiv\/","og_site_name":"Camping La Foce","article_publisher":"https:\/\/www.facebook.com\/patriziacampinglafoce\/","article_modified_time":"2025-08-27T10:37:26+00:00","og_image":[{"url":"https:\/\/www.campinglafoce.com\/wp-content\/uploads\/shape-06.png","type":"","width":"","height":""}],"twitter_card":"summary_large_image","schema":{"@context":"https:\/\/schema.org","@graph":[{"@type":"WebPage","@id":"https:\/\/www.campinglafoce.com\/da\/online-praeventiv\/","url":"https:\/\/www.campinglafoce.com\/da\/online-praeventiv\/","name":"Online Pr\u00e6ventiv - Camping La Foce, \u00d8en Elba","isPartOf":{"@id":"https:\/\/www.campinglafoce.com\/da\/#website"},"primaryImageOfPage":{"@id":"https:\/\/www.campinglafoce.com\/da\/online-praeventiv\/#primaryimage"},"image":{"@id":"https:\/\/www.campinglafoce.com\/da\/online-praeventiv\/#primaryimage"},"thumbnailUrl":"https:\/\/www.campinglafoce.com\/wp-content\/uploads\/shape-06.png","datePublished":"2024-10-21T09:58:03+00:00","dateModified":"2025-08-27T10:37:26+00:00","breadcrumb":{"@id":"https:\/\/www.campinglafoce.com\/da\/online-praeventiv\/#breadcrumb"},"inLanguage":"da-DK","potentialAction":[{"@type":"ReadAction","target":["https:\/\/www.campinglafoce.com\/da\/online-praeventiv\/"]}]},{"@type":"ImageObject","inLanguage":"da-DK","@id":"https:\/\/www.campinglafoce.com\/da\/online-praeventiv\/#primaryimage","url":"https:\/\/www.campinglafoce.com\/wp-content\/uploads\/shape-06.png","contentUrl":"https:\/\/www.campinglafoce.com\/wp-content\/uploads\/shape-06.png"},{"@type":"BreadcrumbList","@id":"https:\/\/www.campinglafoce.com\/da\/online-praeventiv\/#breadcrumb","itemListElement":[{"@type":"ListItem","position":1,"name":"Home","item":"https:\/\/www.campinglafoce.com\/da\/"},{"@type":"ListItem","position":2,"name":"Online Pr\u00e6ventiv"}]},{"@type":"WebSite","@id":"https:\/\/www.campinglafoce.com\/da\/#website","url":"https:\/\/www.campinglafoce.com\/da\/","name":"Camping La Foce","description":"\u00d8en Elba","publisher":{"@id":"https:\/\/www.campinglafoce.com\/da\/#organization"},"potentialAction":[{"@type":"SearchAction","target":{"@type":"EntryPoint","urlTemplate":"https:\/\/www.campinglafoce.com\/da\/?s={search_term_string}"},"query-input":{"@type":"PropertyValueSpecification","valueRequired":true,"valueName":"search_term_string"}}],"inLanguage":"da-DK"},{"@type":"Organization","@id":"https:\/\/www.campinglafoce.com\/da\/#organization","name":"Camping La Foce","url":"https:\/\/www.campinglafoce.com\/da\/","logo":{"@type":"ImageObject","inLanguage":"da-DK","@id":"https:\/\/www.campinglafoce.com\/da\/#\/schema\/logo\/image\/","url":"https:\/\/www.campinglafoce.com\/wp-content\/uploads\/camping_la_foce_w_small.png","contentUrl":"https:\/\/www.campinglafoce.com\/wp-content\/uploads\/camping_la_foce_w_small.png","width":248,"height":45,"caption":"Camping La Foce"},"image":{"@id":"https:\/\/www.campinglafoce.com\/da\/#\/schema\/logo\/image\/"},"sameAs":["https:\/\/www.facebook.com\/patriziacampinglafoce\/","https:\/\/www.instagram.com\/campinglafoce\/"]}]}},"_links":{"self":[{"href":"https:\/\/www.campinglafoce.com\/da\/wp-json\/wp\/v2\/pages\/25449","targetHints":{"allow":["GET"]}}],"collection":[{"href":"https:\/\/www.campinglafoce.com\/da\/wp-json\/wp\/v2\/pages"}],"about":[{"href":"https:\/\/www.campinglafoce.com\/da\/wp-json\/wp\/v2\/types\/page"}],"author":[{"embeddable":true,"href":"https:\/\/www.campinglafoce.com\/da\/wp-json\/wp\/v2\/users\/1"}],"replies":[{"embeddable":true,"href":"https:\/\/www.campinglafoce.com\/da\/wp-json\/wp\/v2\/comments?post=25449"}],"version-history":[{"count":16,"href":"https:\/\/www.campinglafoce.com\/da\/wp-json\/wp\/v2\/pages\/25449\/revisions"}],"predecessor-version":[{"id":26534,"href":"https:\/\/www.campinglafoce.com\/da\/wp-json\/wp\/v2\/pages\/25449\/revisions\/26534"}],"wp:attachment":[{"href":"https:\/\/www.campinglafoce.com\/da\/wp-json\/wp\/v2\/media?parent=25449"}],"curies":[{"name":"wp","href":"https:\/\/api.w.org\/{rel}","templated":true}]}}