{"id":25688,"date":"2024-10-07T09:35:11","date_gmt":"2024-10-07T07:35:11","guid":{"rendered":"https:\/\/www.campinglafoce.com\/prenotazione-traghetto\/"},"modified":"2025-10-01T14:47:12","modified_gmt":"2025-10-01T12:47:12","slug":"faerge-booking","status":"publish","type":"page","link":"https:\/\/www.campinglafoce.com\/da\/faerge-booking\/","title":{"rendered":"F\u00e6rge Booking"},"content":{"rendered":"\t\t<div data-elementor-type=\"wp-page\" data-elementor-id=\"25688\" class=\"elementor elementor-25688 elementor-22081\">\n\t\t\t\t<div class=\"elementor-element elementor-element-76cd830 e-con-full e-flex e-con e-parent\" data-id=\"76cd830\" data-element_type=\"container\" data-e-type=\"container\" data-settings=\"{&quot;background_background&quot;:&quot;classic&quot;}\">\n\t\t\t\t<div class=\"elementor-element elementor-element-54862c9 elementor-widget elementor-widget-spacer\" data-id=\"54862c9\" data-element_type=\"widget\" data-e-type=\"widget\" data-widget_type=\"spacer.default\">\n\t\t\t\t<div class=\"elementor-widget-container\">\n\t\t\t\t\t\t\t<div class=\"elementor-spacer\">\n\t\t\t<div class=\"elementor-spacer-inner\"><\/div>\n\t\t<\/div>\n\t\t\t\t\t\t<\/div>\n\t\t\t\t<\/div>\n\t\t\t\t<\/div>\n\t\t<div class=\"elementor-element elementor-element-577600dc e-flex e-con-boxed e-con e-parent\" data-id=\"577600dc\" data-element_type=\"container\" data-e-type=\"container\" data-settings=\"{&quot;background_background&quot;:&quot;classic&quot;}\">\n\t\t\t\t\t<div class=\"e-con-inner\">\n\t\t<div class=\"elementor-element elementor-element-3f4d7209 e-con-full e-flex e-con e-child\" data-id=\"3f4d7209\" data-element_type=\"container\" data-e-type=\"container\" data-settings=\"{&quot;background_background&quot;:&quot;classic&quot;}\">\n\t\t\t\t<div class=\"elementor-element elementor-element-294e058b elementor-widget__width-auto elementor-absolute elementor-hidden-tablet elementor-hidden-mobile elementor-widget elementor-widget-edublink-animation\" data-id=\"294e058b\" data-element_type=\"widget\" data-e-type=\"widget\" data-settings=\"{&quot;_position&quot;:&quot;absolute&quot;}\" data-widget_type=\"edublink-animation.default\">\n\t\t\t\t<div class=\"elementor-widget-container\">\n\t\t\t\t\t<div class=\"edublink-animation-widget edublink-animation-display-type-mouse-track edublink-animation-content-type-image edublink-mouse-track-item\"><span data-depth=\"2\"><img decoding=\"async\" src=\"https:\/\/www.campinglafoce.com\/wp-content\/uploads\/shape-06.png\" alt=\"shape-06\"><\/span><\/div>\t\t\t\t<\/div>\n\t\t\t\t<\/div>\n\t\t<div class=\"elementor-element elementor-element-5f5cb11e e-con-full e-flex e-con e-child\" data-id=\"5f5cb11e\" data-element_type=\"container\" data-e-type=\"container\" data-settings=\"{&quot;background_background&quot;:&quot;classic&quot;}\">\n\t\t<div class=\"elementor-element elementor-element-7f7840c8 e-con-full e-flex e-con e-child\" data-id=\"7f7840c8\" data-element_type=\"container\" data-e-type=\"container\" data-settings=\"{&quot;background_background&quot;:&quot;classic&quot;}\">\n\t\t\t\t<div class=\"elementor-element elementor-element-77eb485e elementor-widget elementor-widget-heading\" data-id=\"77eb485e\" data-element_type=\"widget\" data-e-type=\"widget\" data-widget_type=\"heading.default\">\n\t\t\t\t<div class=\"elementor-widget-container\">\n\t\t\t\t\t<h5 class=\"elementor-heading-title elementor-size-default\">Beregn dit<\/h5>\t\t\t\t<\/div>\n\t\t\t\t<\/div>\n\t\t\t\t<div class=\"elementor-element elementor-element-376c8b67 elementor-widget elementor-widget-edublink-button\" data-id=\"376c8b67\" data-element_type=\"widget\" data-e-type=\"widget\" data-widget_type=\"edublink-button.default\">\n\t\t\t\t<div class=\"elementor-widget-container\">\n\t\t\t\t\t<div class=\"edublink-button-widget-wrapper\"><a class=\"edublink-button-item edublink-button-style-custom edublink-button-size-small edublink-button-icon-position-\" href=\"\/nl\/preventief-online\/\">PR\u00c6VENTIV<\/a><\/div>\t\t\t\t<\/div>\n\t\t\t\t<\/div>\n\t\t\t\t<\/div>\n\t\t<div class=\"elementor-element elementor-element-160935d5 e-con-full e-flex e-con e-child\" data-id=\"160935d5\" data-element_type=\"container\" data-e-type=\"container\" data-settings=\"{&quot;background_background&quot;:&quot;classic&quot;}\">\n\t\t\t\t<div class=\"elementor-element elementor-element-4c4391bb elementor-widget elementor-widget-heading\" data-id=\"4c4391bb\" data-element_type=\"widget\" data-e-type=\"widget\" data-widget_type=\"heading.default\">\n\t\t\t\t<div class=\"elementor-widget-container\">\n\t\t\t\t\t<h5 class=\"elementor-heading-title elementor-size-default\">Raadpleeg onze<\/h5>\t\t\t\t<\/div>\n\t\t\t\t<\/div>\n\t\t\t\t<div class=\"elementor-element elementor-element-7593c187 elementor-widget elementor-widget-edublink-button\" data-id=\"7593c187\" data-element_type=\"widget\" data-e-type=\"widget\" data-widget_type=\"edublink-button.default\">\n\t\t\t\t<div class=\"elementor-widget-container\">\n\t\t\t\t\t<div class=\"edublink-button-widget-wrapper\"><a class=\"edublink-button-item edublink-button-style-custom edublink-button-size-small edublink-button-icon-position-\" href=\"\/nl\/tarieven\/\">TARIEVEN<\/a><\/div>\t\t\t\t<\/div>\n\t\t\t\t<\/div>\n\t\t\t\t<\/div>\n\t\t<div class=\"elementor-element elementor-element-23afc93 e-con-full e-flex e-con e-child\" data-id=\"23afc93\" data-element_type=\"container\" data-e-type=\"container\" data-settings=\"{&quot;background_background&quot;:&quot;classic&quot;}\">\n\t\t\t\t<div class=\"elementor-element elementor-element-147e2d4 elementor-widget elementor-widget-heading\" data-id=\"147e2d4\" data-element_type=\"widget\" data-e-type=\"widget\" data-widget_type=\"heading.default\">\n\t\t\t\t<div class=\"elementor-widget-container\">\n\t\t\t\t\t<h5 class=\"elementor-heading-title elementor-size-default\">Stuur ons uw<\/h5>\t\t\t\t<\/div>\n\t\t\t\t<\/div>\n\t\t\t\t<div class=\"elementor-element elementor-element-240575a5 elementor-widget elementor-widget-edublink-button\" data-id=\"240575a5\" data-element_type=\"widget\" data-e-type=\"widget\" data-widget_type=\"edublink-button.default\">\n\t\t\t\t<div class=\"elementor-widget-container\">\n\t\t\t\t\t<div class=\"edublink-button-widget-wrapper\"><a class=\"edublink-button-item edublink-button-style-custom edublink-button-size-small edublink-button-icon-position-\" href=\"\/nl\/informatie-en-contacten\/\">VERZOEK<\/a><\/div>\t\t\t\t<\/div>\n\t\t\t\t<\/div>\n\t\t\t\t<\/div>\n\t\t\t\t<\/div>\n\t\t\t\t<\/div>\n\t\t\t\t\t<\/div>\n\t\t\t\t<\/div>\n\t\t<div class=\"elementor-element elementor-element-bd7f657 e-flex e-con-boxed e-con e-parent\" data-id=\"bd7f657\" data-element_type=\"container\" data-e-type=\"container\" data-settings=\"{&quot;background_background&quot;:&quot;classic&quot;}\">\n\t\t\t\t\t<div class=\"e-con-inner\">\n\t\t<div class=\"elementor-element elementor-element-eafbd80 e-con-full e-flex e-con e-child\" data-id=\"eafbd80\" data-element_type=\"container\" data-e-type=\"container\">\n\t\t\t\t<div class=\"elementor-element elementor-element-6a19ce7 elementor-widget__width-auto elementor-absolute elementor-hidden-tablet elementor-hidden-mobile about-us-3-main elementor-invisible elementor-widget elementor-widget-edublink-animation\" data-id=\"6a19ce7\" data-element_type=\"widget\" data-e-type=\"widget\" data-settings=\"{&quot;_position&quot;:&quot;absolute&quot;,&quot;_animation&quot;:&quot;fadeIn&quot;,&quot;_animation_delay&quot;:500}\" data-widget_type=\"edublink-animation.default\">\n\t\t\t\t<div class=\"elementor-widget-container\">\n\t\t\t\t\t<div class=\"edublink-animation-widget edublink-animation-display-type-mouse-track edublink-animation-content-type-color edublink-mouse-track-item\"><span data-depth=\"\"><span class=\"edublink-animation-widget-color\"><\/span><\/span><\/div>\t\t\t\t<\/div>\n\t\t\t\t<\/div>\n\t\t\t\t<div class=\"elementor-element elementor-element-26c3a54 elementor-invisible elementor-widget elementor-widget-edublink-heading\" data-id=\"26c3a54\" data-element_type=\"widget\" data-e-type=\"widget\" data-settings=\"{&quot;_animation&quot;:&quot;edublink--slide-up&quot;,&quot;_animation_delay&quot;:150}\" data-widget_type=\"edublink-heading.default\">\n\t\t\t\t<div class=\"elementor-widget-container\">\n\t\t\t\t\t<div class=\"edublink-section-heading\"><span class=\"pre-heading\">F\u00c6RGE TIL ELBA \u00d8EN<\/span><h3 class=\"heading\">F\u00e6rge <mark>Booking<\/mark><\/h3><div class=\"title-shape\"><i class=\"icon-19\"><\/i><\/div><\/div>\t\t\t\t<\/div>\n\t\t\t\t<\/div>\n\t\t\t\t<div class=\"elementor-element elementor-element-059b389 elementor-widget elementor-widget-html\" data-id=\"059b389\" data-element_type=\"widget\" data-e-type=\"widget\" data-widget_type=\"html.default\">\n\t\t\t\t<div class=\"elementor-widget-container\">\n\t\t\t\t\t<div style=\"margin-left: auto; margin-right: auto; max-width: 1200px\">\n<iframe id=\"tlines\" src=\"https:\/\/www.misterferry.com\/en\/elba-island-ferries.aspx?UAID=57220&bkcolor=FFFFFF&txtcolor=1C406A&bkbtncolor=FFDC3B&txtbtncolor=1C406A&bktitolo=1C406A&txttitolo=60BEE8&language=en&iframe_booking=true&v2=true\" style=\"border:0px; width: 100%;\" class=\"tlines_frame\" scrolling=\"no\"><\/iframe>\n<p style=\"font-size:11px; margin: auto; font-family:Verdana;width: 100%;color:#666;margin-bottom: 12px;text-align: center;\">Service handled by <a href=\"https:\/\/www.misterferry.com\/en\/elba-island-ferries.aspx?UAID=57220&bkcolor=FFFFFF&txtcolor=1C406A&bkbtncolor=FFDC3B&txtbtncolor=1C406A&bktitolo=1C406A&txttitolo=60BEE8\" target=\"_blank\" style=\"color:#666;text-decoration:none\">Misterferry.com<\/a><\/p>\n<script type=\"text\/javascript\" src=\"https:\/\/www.misterferry.com\/Ajax\/tlines_resp_v2.js\"><\/script>\n<\/div>\t\t\t\t<\/div>\n\t\t\t\t<\/div>\n\t\t\t\t<\/div>\n\t\t\t\t\t<\/div>\n\t\t\t\t<\/div>\n\t\t<div class=\"elementor-element elementor-element-7a44b80 e-con-full elementor-hidden-desktop elementor-hidden-tablet elementor-hidden-mobile e-flex e-con e-parent\" data-id=\"7a44b80\" data-element_type=\"container\" data-e-type=\"container\">\n\t\t<div class=\"elementor-element elementor-element-82e20a3 edublink-br-tp-none e-flex e-con-boxed elementor-invisible e-con e-child\" data-id=\"82e20a3\" data-element_type=\"container\" data-e-type=\"container\" data-settings=\"{&quot;animation&quot;:&quot;edublink--slide-left&quot;,&quot;animation_delay&quot;:150}\">\n\t\t\t\t\t<div class=\"e-con-inner\">\n\t\t\t\t<div class=\"elementor-element elementor-element-927ba30 elementor-invisible elementor-widget elementor-widget-edublink-heading\" data-id=\"927ba30\" data-element_type=\"widget\" data-e-type=\"widget\" data-settings=\"{&quot;_animation&quot;:&quot;edublink--slide-up&quot;,&quot;_animation_delay&quot;:150}\" data-widget_type=\"edublink-heading.default\">\n\t\t\t\t<div class=\"elementor-widget-container\">\n\t\t\t\t\t<div class=\"edublink-section-heading\"><span class=\"pre-heading\">F\u00c6RGE TIL ELBA \u00d8EN<\/span><h3 class=\"heading\">Med <mark>Blu Navy<\/mark><\/h3><div class=\"title-shape\"><i class=\"icon-19\"><\/i><\/div><\/div>\t\t\t\t<\/div>\n\t\t\t\t<\/div>\n\t\t\t\t<div class=\"elementor-element elementor-element-af328cb elementor-widget elementor-widget-html\" data-id=\"af328cb\" data-element_type=\"widget\" data-e-type=\"widget\" data-widget_type=\"html.default\">\n\t\t\t\t<div class=\"elementor-widget-container\">\n\t\t\t\t\t<div style=\"margin: 0 auto;\"><iframe style=\"border: none; filter:drop-shadow(0px 3px 10px rgba(0,0,0,.2));\" src=\"https:\/\/blunavytraghetti.com\/da\/hotel\/camping-la-foce\/?iframe=banner\" width=\"100%\" height=\"100%\" allowtransparency=\"true\" class=\"blunavyembed\"><\/iframe><script src=\"https:\/\/blunavytraghetti.com\/wp-content\/themes\/cosmo\/assets\/js\/iframe\/embed.js\"><\/script><span style=\" font-family: sans-serif; color: #292C7E; font-size: 14px; padding-top: 10px;display: flex; align-items:center; justify-content:center; flex-wrap: wrap; gap: 10px; vertical-gap: 10px; \">En f\u00e6rge service til Elba tilbydes af <a style=\"font-family: sans-serif; color: #292C7E; font-size: 14px; text-decoration: none;\" href=\"https:\/\/blunavytraghetti.com\/da\/?utm_source=snippet-embed\">Blunavytraghetti.com<\/a> <a href=\"https:\/\/blunavytraghetti.com\/da\/?utm_source=snippet-embed\"><img decoding=\"async\" style=\"width: 80px;\" src=\"https:\/\/blunavytraghetti.com\/wp-content\/themes\/cosmo\/assets\/images\/logo-blunavy-traghetti.png\" alt=\"Logo BluNavy traghetti Elba\"\/><\/a><\/span><\/div>\t\t\t\t<\/div>\n\t\t\t\t<\/div>\n\t\t\t\t\t<\/div>\n\t\t\t\t<\/div>\n\t\t\t\t<\/div>\n\t\t\t\t<\/div>\n\t\t","protected":false},"excerpt":{"rendered":"<p>Beregn dit PR\u00c6VENTIV Raadpleeg onze TARIEVEN Stuur ons uw VERZOEK F\u00c6RGE TIL ELBA \u00d8EN F\u00e6rge Booking Service handled by Misterferry.com F\u00c6RGE TIL ELBA \u00d8EN Med Blu Navy En f\u00e6rge service til Elba tilbydes af Blunavytraghetti.com<\/p>\n","protected":false},"author":1,"featured_media":0,"parent":0,"menu_order":43,"comment_status":"closed","ping_status":"closed","template":"","meta":{"footnotes":""},"class_list":["post-25688","page","type-page","status-publish","hentry"],"yoast_head":"<!-- This site is optimized with the Yoast SEO plugin v27.3 - https:\/\/yoast.com\/product\/yoast-seo-wordpress\/ -->\n<title>F\u00e6rge Booking - Camping La Foce, \u00d8en Elba<\/title>\n<meta name=\"robots\" content=\"index, follow, max-snippet:-1, max-image-preview:large, max-video-preview:-1\" \/>\n<link rel=\"canonical\" href=\"https:\/\/www.campinglafoce.com\/da\/faerge-booking\/\" \/>\n<meta property=\"og:locale\" content=\"da_DK\" \/>\n<meta property=\"og:type\" content=\"article\" \/>\n<meta property=\"og:title\" content=\"F\u00e6rge Booking - Camping La Foce, \u00d8en Elba\" \/>\n<meta property=\"og:description\" content=\"Beregn dit PR\u00c6VENTIV Raadpleeg onze TARIEVEN Stuur ons uw VERZOEK F\u00c6RGE TIL ELBA \u00d8EN F\u00e6rge Booking Service handled by Misterferry.com F\u00c6RGE TIL ELBA \u00d8EN Med Blu Navy En f\u00e6rge service til Elba tilbydes af Blunavytraghetti.com\" \/>\n<meta property=\"og:url\" content=\"https:\/\/www.campinglafoce.com\/da\/faerge-booking\/\" \/>\n<meta property=\"og:site_name\" content=\"Camping La Foce\" \/>\n<meta property=\"article:publisher\" content=\"https:\/\/www.facebook.com\/patriziacampinglafoce\/\" \/>\n<meta property=\"article:modified_time\" content=\"2025-10-01T12:47:12+00:00\" \/>\n<meta property=\"og:image\" content=\"https:\/\/www.campinglafoce.com\/wp-content\/uploads\/shape-06.png\" \/>\n<meta name=\"twitter:card\" content=\"summary_large_image\" \/>\n<script type=\"application\/ld+json\" class=\"yoast-schema-graph\">{\"@context\":\"https:\\\/\\\/schema.org\",\"@graph\":[{\"@type\":\"WebPage\",\"@id\":\"https:\\\/\\\/www.campinglafoce.com\\\/da\\\/faerge-booking\\\/\",\"url\":\"https:\\\/\\\/www.campinglafoce.com\\\/da\\\/faerge-booking\\\/\",\"name\":\"F\u00e6rge Booking - Camping La Foce, \u00d8en Elba\",\"isPartOf\":{\"@id\":\"https:\\\/\\\/www.campinglafoce.com\\\/da\\\/#website\"},\"primaryImageOfPage\":{\"@id\":\"https:\\\/\\\/www.campinglafoce.com\\\/da\\\/faerge-booking\\\/#primaryimage\"},\"image\":{\"@id\":\"https:\\\/\\\/www.campinglafoce.com\\\/da\\\/faerge-booking\\\/#primaryimage\"},\"thumbnailUrl\":\"https:\\\/\\\/www.campinglafoce.com\\\/wp-content\\\/uploads\\\/shape-06.png\",\"datePublished\":\"2024-10-07T07:35:11+00:00\",\"dateModified\":\"2025-10-01T12:47:12+00:00\",\"breadcrumb\":{\"@id\":\"https:\\\/\\\/www.campinglafoce.com\\\/da\\\/faerge-booking\\\/#breadcrumb\"},\"inLanguage\":\"da-DK\",\"potentialAction\":[{\"@type\":\"ReadAction\",\"target\":[\"https:\\\/\\\/www.campinglafoce.com\\\/da\\\/faerge-booking\\\/\"]}]},{\"@type\":\"ImageObject\",\"inLanguage\":\"da-DK\",\"@id\":\"https:\\\/\\\/www.campinglafoce.com\\\/da\\\/faerge-booking\\\/#primaryimage\",\"url\":\"https:\\\/\\\/www.campinglafoce.com\\\/wp-content\\\/uploads\\\/shape-06.png\",\"contentUrl\":\"https:\\\/\\\/www.campinglafoce.com\\\/wp-content\\\/uploads\\\/shape-06.png\"},{\"@type\":\"BreadcrumbList\",\"@id\":\"https:\\\/\\\/www.campinglafoce.com\\\/da\\\/faerge-booking\\\/#breadcrumb\",\"itemListElement\":[{\"@type\":\"ListItem\",\"position\":1,\"name\":\"Home\",\"item\":\"https:\\\/\\\/www.campinglafoce.com\\\/da\\\/\"},{\"@type\":\"ListItem\",\"position\":2,\"name\":\"F\u00e6rge Booking\"}]},{\"@type\":\"WebSite\",\"@id\":\"https:\\\/\\\/www.campinglafoce.com\\\/da\\\/#website\",\"url\":\"https:\\\/\\\/www.campinglafoce.com\\\/da\\\/\",\"name\":\"Camping La Foce\",\"description\":\"\u00d8en Elba\",\"publisher\":{\"@id\":\"https:\\\/\\\/www.campinglafoce.com\\\/da\\\/#organization\"},\"potentialAction\":[{\"@type\":\"SearchAction\",\"target\":{\"@type\":\"EntryPoint\",\"urlTemplate\":\"https:\\\/\\\/www.campinglafoce.com\\\/da\\\/?s={search_term_string}\"},\"query-input\":{\"@type\":\"PropertyValueSpecification\",\"valueRequired\":true,\"valueName\":\"search_term_string\"}}],\"inLanguage\":\"da-DK\"},{\"@type\":\"Organization\",\"@id\":\"https:\\\/\\\/www.campinglafoce.com\\\/da\\\/#organization\",\"name\":\"Camping La Foce\",\"url\":\"https:\\\/\\\/www.campinglafoce.com\\\/da\\\/\",\"logo\":{\"@type\":\"ImageObject\",\"inLanguage\":\"da-DK\",\"@id\":\"https:\\\/\\\/www.campinglafoce.com\\\/da\\\/#\\\/schema\\\/logo\\\/image\\\/\",\"url\":\"https:\\\/\\\/www.campinglafoce.com\\\/wp-content\\\/uploads\\\/camping_la_foce_w_small.png\",\"contentUrl\":\"https:\\\/\\\/www.campinglafoce.com\\\/wp-content\\\/uploads\\\/camping_la_foce_w_small.png\",\"width\":248,\"height\":45,\"caption\":\"Camping La Foce\"},\"image\":{\"@id\":\"https:\\\/\\\/www.campinglafoce.com\\\/da\\\/#\\\/schema\\\/logo\\\/image\\\/\"},\"sameAs\":[\"https:\\\/\\\/www.facebook.com\\\/patriziacampinglafoce\\\/\",\"https:\\\/\\\/www.instagram.com\\\/campinglafoce\\\/\"]}]}<\/script>\n<!-- \/ Yoast SEO plugin. -->","yoast_head_json":{"title":"F\u00e6rge Booking - Camping La Foce, \u00d8en Elba","robots":{"index":"index","follow":"follow","max-snippet":"max-snippet:-1","max-image-preview":"max-image-preview:large","max-video-preview":"max-video-preview:-1"},"canonical":"https:\/\/www.campinglafoce.com\/da\/faerge-booking\/","og_locale":"da_DK","og_type":"article","og_title":"F\u00e6rge Booking - Camping La Foce, \u00d8en Elba","og_description":"Beregn dit PR\u00c6VENTIV Raadpleeg onze TARIEVEN Stuur ons uw VERZOEK F\u00c6RGE TIL ELBA \u00d8EN F\u00e6rge Booking Service handled by Misterferry.com F\u00c6RGE TIL ELBA \u00d8EN Med Blu Navy En f\u00e6rge service til Elba tilbydes af Blunavytraghetti.com","og_url":"https:\/\/www.campinglafoce.com\/da\/faerge-booking\/","og_site_name":"Camping La Foce","article_publisher":"https:\/\/www.facebook.com\/patriziacampinglafoce\/","article_modified_time":"2025-10-01T12:47:12+00:00","og_image":[{"url":"https:\/\/www.campinglafoce.com\/wp-content\/uploads\/shape-06.png","type":"","width":"","height":""}],"twitter_card":"summary_large_image","schema":{"@context":"https:\/\/schema.org","@graph":[{"@type":"WebPage","@id":"https:\/\/www.campinglafoce.com\/da\/faerge-booking\/","url":"https:\/\/www.campinglafoce.com\/da\/faerge-booking\/","name":"F\u00e6rge Booking - Camping La Foce, \u00d8en Elba","isPartOf":{"@id":"https:\/\/www.campinglafoce.com\/da\/#website"},"primaryImageOfPage":{"@id":"https:\/\/www.campinglafoce.com\/da\/faerge-booking\/#primaryimage"},"image":{"@id":"https:\/\/www.campinglafoce.com\/da\/faerge-booking\/#primaryimage"},"thumbnailUrl":"https:\/\/www.campinglafoce.com\/wp-content\/uploads\/shape-06.png","datePublished":"2024-10-07T07:35:11+00:00","dateModified":"2025-10-01T12:47:12+00:00","breadcrumb":{"@id":"https:\/\/www.campinglafoce.com\/da\/faerge-booking\/#breadcrumb"},"inLanguage":"da-DK","potentialAction":[{"@type":"ReadAction","target":["https:\/\/www.campinglafoce.com\/da\/faerge-booking\/"]}]},{"@type":"ImageObject","inLanguage":"da-DK","@id":"https:\/\/www.campinglafoce.com\/da\/faerge-booking\/#primaryimage","url":"https:\/\/www.campinglafoce.com\/wp-content\/uploads\/shape-06.png","contentUrl":"https:\/\/www.campinglafoce.com\/wp-content\/uploads\/shape-06.png"},{"@type":"BreadcrumbList","@id":"https:\/\/www.campinglafoce.com\/da\/faerge-booking\/#breadcrumb","itemListElement":[{"@type":"ListItem","position":1,"name":"Home","item":"https:\/\/www.campinglafoce.com\/da\/"},{"@type":"ListItem","position":2,"name":"F\u00e6rge Booking"}]},{"@type":"WebSite","@id":"https:\/\/www.campinglafoce.com\/da\/#website","url":"https:\/\/www.campinglafoce.com\/da\/","name":"Camping La Foce","description":"\u00d8en Elba","publisher":{"@id":"https:\/\/www.campinglafoce.com\/da\/#organization"},"potentialAction":[{"@type":"SearchAction","target":{"@type":"EntryPoint","urlTemplate":"https:\/\/www.campinglafoce.com\/da\/?s={search_term_string}"},"query-input":{"@type":"PropertyValueSpecification","valueRequired":true,"valueName":"search_term_string"}}],"inLanguage":"da-DK"},{"@type":"Organization","@id":"https:\/\/www.campinglafoce.com\/da\/#organization","name":"Camping La Foce","url":"https:\/\/www.campinglafoce.com\/da\/","logo":{"@type":"ImageObject","inLanguage":"da-DK","@id":"https:\/\/www.campinglafoce.com\/da\/#\/schema\/logo\/image\/","url":"https:\/\/www.campinglafoce.com\/wp-content\/uploads\/camping_la_foce_w_small.png","contentUrl":"https:\/\/www.campinglafoce.com\/wp-content\/uploads\/camping_la_foce_w_small.png","width":248,"height":45,"caption":"Camping La Foce"},"image":{"@id":"https:\/\/www.campinglafoce.com\/da\/#\/schema\/logo\/image\/"},"sameAs":["https:\/\/www.facebook.com\/patriziacampinglafoce\/","https:\/\/www.instagram.com\/campinglafoce\/"]}]}},"_links":{"self":[{"href":"https:\/\/www.campinglafoce.com\/da\/wp-json\/wp\/v2\/pages\/25688","targetHints":{"allow":["GET"]}}],"collection":[{"href":"https:\/\/www.campinglafoce.com\/da\/wp-json\/wp\/v2\/pages"}],"about":[{"href":"https:\/\/www.campinglafoce.com\/da\/wp-json\/wp\/v2\/types\/page"}],"author":[{"embeddable":true,"href":"https:\/\/www.campinglafoce.com\/da\/wp-json\/wp\/v2\/users\/1"}],"replies":[{"embeddable":true,"href":"https:\/\/www.campinglafoce.com\/da\/wp-json\/wp\/v2\/comments?post=25688"}],"version-history":[{"count":13,"href":"https:\/\/www.campinglafoce.com\/da\/wp-json\/wp\/v2\/pages\/25688\/revisions"}],"predecessor-version":[{"id":26589,"href":"https:\/\/www.campinglafoce.com\/da\/wp-json\/wp\/v2\/pages\/25688\/revisions\/26589"}],"wp:attachment":[{"href":"https:\/\/www.campinglafoce.com\/da\/wp-json\/wp\/v2\/media?parent=25688"}],"curies":[{"name":"wp","href":"https:\/\/api.w.org\/{rel}","templated":true}]}}