{"id":25779,"date":"2024-11-18T17:07:40","date_gmt":"2024-11-18T16:07:40","guid":{"rendered":"https:\/\/www.campinglafoce.com\/dichiarazione-sulla-privacy-eu\/"},"modified":"2024-11-18T17:07:40","modified_gmt":"2024-11-18T16:07:40","slug":"dichiarazione-sulla-privacy-eu","status":"publish","type":"page","link":"https:\/\/www.campinglafoce.com\/da\/dichiarazione-sulla-privacy-eu\/","title":{"rendered":"Dichiarazione sulla Privacy (EU)"},"content":{"rendered":"\n<!-- Legal document generated by Complianz | GDPR\/CCPA Cookie Consent https:\/\/wordpress.org\/plugins\/complianz-gdpr -->\n<div id=\"cmplz-document\" class=\"cmplz-document privacy-statement cmplz-document-eu\"><p><i>Denne fortrolighedserkl\u00e6ring blev sidst opdateret den 13. november 2025 og g\u00e6lder for borgere og lovlige permanente beboere i Det Europ\u00e6iske \u00d8konomiske Samarbejdsomr\u00e5de og Schweiz.<\/i><br \/><br \/><\/p><p><p>I denne fortrolighedserkl\u00e6ring forklarer vi, hvad vi g\u00f8r med de data, vi f\u00e5r om dig via <a href=\"https:\/\/www.campinglafoce.com\/da\/\">https:\/\/www.campinglafoce.com\/da\/<\/a>. Vi anbefaler, at du l\u00e6ser denne erkl\u00e6ring omhyggeligt. I vores behandling overholder vi kravene i fortrolighedslovgivningen. Det betyder blandt andet, at:<\/p><ul>\n                <li>vi angiver klart, hvilke form\u00e5l vi behandler personoplysninger til. Vi g\u00f8r dette ved hj\u00e6lp af denne fortrolighedserkl\u00e6ring;<\/li>\n                <li>vi sigter mod at begr\u00e6nse vores indsamling af personlige data til kun de personlige data, der kr\u00e6ves til legitime form\u00e5l;<\/li>\n                <li>vi anmoder f\u00f8rst om dit udtrykkelige samtykke til at behandle dine personlige data i sager, der kr\u00e6ver dit samtykke;<\/li>\n                <li>vi tr\u00e6ffer passende sikkerhedsforanstaltninger for at beskytte dine personlige data og kr\u00e6ver ogs\u00e5 dette fra parter, der behandler personlige data p\u00e5 vores vegne;<\/li>\n                <li>vi respekterer din ret til at f\u00e5 adgang til dine personlige data eller f\u00e5 dem rettet eller slettet p\u00e5 din anmodning.<\/li>\n            <\/ul><p>Hvis du har sp\u00f8rgsm\u00e5l eller \u00f8nsker at vide n\u00f8jagtigt hvilke data vi opbevarer om dig, s\u00e5 kontakt os.<\/p><\/p><h2>1. Form\u00e5l, data og opbevaringsperiode<\/h2>Vi kan indsamle eller modtage personlige oplysninger til en r\u00e6kke form\u00e5l i forbindelse med vores forretningsaktiviteter, som kan omfatte f\u00f8lgende: (klik for at udvide)<details class=\"cmplz-dropdown dropdown-privacy-statement\"><summary><div><h3>1.1 Kontakt - Via telefon, brev, e-mail og\/eller webformularer<\/h3><\/div><\/summary><p class=\"cmplz-subtitle\">Til dette form\u00e5l bruger vi f\u00f8lgende data:<\/p><p><ul><li>Et for- og efternavn<\/li><li>En emailadresse<\/li><li>Et telefonnummer<\/li><\/ul><\/p><p class=\"cmplz-subtitle\">Det grundlag, vi kan behandle disse data p\u00e5, er:<\/p><p><a target=\"_blank\" rel=\"noopener noreferrer nofollow\" href=\"https:\/\/cookiedatabase.org\/legal-bases\/#consent\">Efter at der er givet samtykke.<\/a><\/p><p class=\"cmplz-subtitle\">Opbevaringsperiode<\/p><p>Vi opbevarer disse data, indtil tjenesten afsluttes.<\/p><\/details><h2>2. Cookies<\/h2><p>Vores websted bruger cookies. For mere information om cookies henvises til vores <a href=\"https:\/\/www.campinglafoce.com\/da\/cookie-policy-eu\/\">Cookie politik<\/a>.&nbsp;<\/p><h2>3. Offentligg\u00f8relsespraksis<\/h2><p><p>Vi videregiver personlige oplysninger, hvis vi er forpligtet af loven eller af en retskendelse, som svar p\u00e5 en retsh\u00e5ndh\u00e6vende myndighed, i det omfang det er tilladt i henhold til andre lovbestemmelser, til at give oplysninger eller til en unders\u00f8gelse af et sp\u00f8rgsm\u00e5l relateret til den offentlige sikkerhed.<\/p><p>Hvis vores hjemmeside eller organisation bliver overtaget, solgt eller involveret i en fusion eller et opk\u00f8b, kan dine oplysninger blive videregivet til vores r\u00e5dgivere og eventuelle potentielle k\u00f8bere og vil blive videregivet til de nye ejere.<\/p><\/p><p>Vi har indg\u00e5et en databehandlingsaftale med Google.<\/p><h2>4. Sikkerhed<\/h2><p>Vi er forpligtet til sikkerheden af \u200b\u200bpersonlige data. Vi tr\u00e6ffer passende sikkerhedsforanstaltninger for at begr\u00e6nse misbrug af og uautoriseret adgang til personlige data. Dette sikrer, at kun de n\u00f8dvendige personer har adgang til dine data, at adgangen til dataene er beskyttet, og at vores sikkerhedsforanstaltninger regelm\u00e6ssigt gennemg\u00e5s.<\/p><h2>5. Tredjepartswebsteder<\/h2><p>Denne erkl\u00e6ring om beskyttelse af personlige oplysninger g\u00e6lder ikke for tredjepartswebsteder, der er forbundet via links p\u00e5 vores websted. Vi kan ikke garantere, at disse tredjeparter h\u00e5ndterer dine personlige oplysninger p\u00e5 en p\u00e5lidelig eller sikker m\u00e5de. Vi anbefaler, at du l\u00e6ser disse hjemmesiders fortrolighedserkl\u00e6ringer, f\u00f8r du benytter disse hjemmesider.<\/p><h2>6. Tilf\u00f8j til denne privatlivspolitik<\/h2><p>Vi forbeholder os retten til at foretage \u00e6ndringer i denne erkl\u00e6ring om beskyttelse af personlige oplysninger. Det anbefales, at du regelm\u00e6ssigt konsulterer denne fortrolighedserkl\u00e6ring for at v\u00e6re opm\u00e6rksom p\u00e5 \u00e6ndringer. Derudover vil vi aktivt informere dig, hvor det er muligt.<\/p><h2>7. Har adgang til og \u00e6ndrer dine data<\/h2><p>Hvis du har sp\u00f8rgsm\u00e5l eller \u00f8nsker at vide, hvilke personlige data vi har om dig, s\u00e5 kontakt os. Du kan kontakte os ved hj\u00e6lp af nedenst\u00e5ende oplysninger. Du har f\u00f8lgende rettigheder:<\/p><ul>\n                <li>Du har ret til at vide, hvorfor dine personlige data er n\u00f8dvendige, hvad der vil ske med dem, og hvor l\u00e6nge de bliver opbevaret.<\/li>\n                <li>Ret til adgang: Du har ret til at f\u00e5 adgang til dine personlige data, der er kendt af os.<\/li>\n                <li>Ret til rettelse: du har ret til at supplere, rette, slette eller blokere dine personlige data, n\u00e5r du \u00f8nsker det.<\/li>\n                <li>Hvis du giver os dit samtykke til at behandle dine data, har du ret til at tilbagekalde dette samtykke og til at slette dine personlige data.<\/li>\n                <li>Ret til at overf\u00f8re dine data: Du har ret til at anmode om alle dine personlige data fra den Behandlingsansvarlige og overf\u00f8re dem i sin helhed til en anden Behandlingsansvarlig.<\/li>\n                <li>Ret til indsigelse: du kan g\u00f8re indsigelse mod behandlingen af \u200b\u200bdine data. Vi efterkommer dette, medmindre der er berettigede grunde til behandling.<\/li>\n            <\/ul><p>S\u00f8rg for altid at angive, hvem du er, s\u00e5 vi kan v\u00e6re sikre p\u00e5, at vi ikke \u00e6ndrer eller sletter data p\u00e5 den forkerte person.<\/p><h2>8. Indsendelse af en klage<\/h2><p>Hvis du ikke er tilfreds med den m\u00e5de, hvorp\u00e5 vi h\u00e5ndterer (en klage over) behandlingen af \u200b\u200bdine personoplysninger, har du ret til at indsende en klage til Datatilsynet.<\/p><h2>9. Kontaktdetaljer<\/h2><p>Camping La Foce<br \/>\n        Via della Foce 379, 57034, Campo nell'Elba (LI)<br \/>\n        Italien<br \/>\n        Internet side: <a href=\"https:\/\/www.campinglafoce.com\/da\/\">https:\/\/www.campinglafoce.com\/da\/<\/a> <br \/>\n        Email: <span class=\"cmplz-obfuscate\">&#105;&#110;&#102;o@<span class=\"cmplz-fmail-domain\">&#101;&#120;&#046;c&#111;m<\/span>ca&#109;&#112;&#105;&#110;&#103;lafoc&#101;.&#099;o&#109;<\/span> <br \/>\n        Telefonnummer: +39 0565 976456<\/p><\/div>\n","protected":false},"excerpt":{"rendered":"","protected":false},"author":1,"featured_media":0,"parent":0,"menu_order":99,"comment_status":"closed","ping_status":"closed","template":"","meta":{"footnotes":""},"class_list":["post-25779","page","type-page","status-publish","hentry"],"yoast_head":"<!-- This site is optimized with the Yoast SEO plugin v27.3 - https:\/\/yoast.com\/product\/yoast-seo-wordpress\/ -->\n<title>Dichiarazione sulla Privacy (EU) - Camping La Foce<\/title>\n<meta name=\"robots\" content=\"index, follow, max-snippet:-1, max-image-preview:large, max-video-preview:-1\" \/>\n<link rel=\"canonical\" href=\"https:\/\/www.campinglafoce.com\/da\/dichiarazione-sulla-privacy-eu\/\" \/>\n<meta property=\"og:locale\" content=\"da_DK\" \/>\n<meta property=\"og:type\" content=\"article\" \/>\n<meta property=\"og:title\" content=\"Dichiarazione sulla Privacy (EU) - Camping La Foce\" \/>\n<meta property=\"og:url\" content=\"https:\/\/www.campinglafoce.com\/da\/dichiarazione-sulla-privacy-eu\/\" \/>\n<meta property=\"og:site_name\" content=\"Camping La Foce\" \/>\n<meta property=\"article:publisher\" content=\"https:\/\/www.facebook.com\/patriziacampinglafoce\/\" \/>\n<meta name=\"twitter:card\" content=\"summary_large_image\" \/>\n<script type=\"application\/ld+json\" class=\"yoast-schema-graph\">{\"@context\":\"https:\\\/\\\/schema.org\",\"@graph\":[{\"@type\":\"WebPage\",\"@id\":\"https:\\\/\\\/www.campinglafoce.com\\\/da\\\/dichiarazione-sulla-privacy-eu\\\/\",\"url\":\"https:\\\/\\\/www.campinglafoce.com\\\/da\\\/dichiarazione-sulla-privacy-eu\\\/\",\"name\":\"Dichiarazione sulla Privacy (EU) - Camping La Foce\",\"isPartOf\":{\"@id\":\"https:\\\/\\\/www.campinglafoce.com\\\/da\\\/#website\"},\"datePublished\":\"2024-11-18T16:07:40+00:00\",\"breadcrumb\":{\"@id\":\"https:\\\/\\\/www.campinglafoce.com\\\/da\\\/dichiarazione-sulla-privacy-eu\\\/#breadcrumb\"},\"inLanguage\":\"da-DK\",\"potentialAction\":[{\"@type\":\"ReadAction\",\"target\":[\"https:\\\/\\\/www.campinglafoce.com\\\/da\\\/dichiarazione-sulla-privacy-eu\\\/\"]}]},{\"@type\":\"BreadcrumbList\",\"@id\":\"https:\\\/\\\/www.campinglafoce.com\\\/da\\\/dichiarazione-sulla-privacy-eu\\\/#breadcrumb\",\"itemListElement\":[{\"@type\":\"ListItem\",\"position\":1,\"name\":\"Home\",\"item\":\"https:\\\/\\\/www.campinglafoce.com\\\/da\\\/\"},{\"@type\":\"ListItem\",\"position\":2,\"name\":\"Dichiarazione sulla Privacy (EU)\"}]},{\"@type\":\"WebSite\",\"@id\":\"https:\\\/\\\/www.campinglafoce.com\\\/da\\\/#website\",\"url\":\"https:\\\/\\\/www.campinglafoce.com\\\/da\\\/\",\"name\":\"Camping La Foce\",\"description\":\"\u00d8en Elba\",\"publisher\":{\"@id\":\"https:\\\/\\\/www.campinglafoce.com\\\/da\\\/#organization\"},\"potentialAction\":[{\"@type\":\"SearchAction\",\"target\":{\"@type\":\"EntryPoint\",\"urlTemplate\":\"https:\\\/\\\/www.campinglafoce.com\\\/da\\\/?s={search_term_string}\"},\"query-input\":{\"@type\":\"PropertyValueSpecification\",\"valueRequired\":true,\"valueName\":\"search_term_string\"}}],\"inLanguage\":\"da-DK\"},{\"@type\":\"Organization\",\"@id\":\"https:\\\/\\\/www.campinglafoce.com\\\/da\\\/#organization\",\"name\":\"Camping La Foce\",\"url\":\"https:\\\/\\\/www.campinglafoce.com\\\/da\\\/\",\"logo\":{\"@type\":\"ImageObject\",\"inLanguage\":\"da-DK\",\"@id\":\"https:\\\/\\\/www.campinglafoce.com\\\/da\\\/#\\\/schema\\\/logo\\\/image\\\/\",\"url\":\"https:\\\/\\\/www.campinglafoce.com\\\/wp-content\\\/uploads\\\/camping_la_foce_w_small.png\",\"contentUrl\":\"https:\\\/\\\/www.campinglafoce.com\\\/wp-content\\\/uploads\\\/camping_la_foce_w_small.png\",\"width\":248,\"height\":45,\"caption\":\"Camping La Foce\"},\"image\":{\"@id\":\"https:\\\/\\\/www.campinglafoce.com\\\/da\\\/#\\\/schema\\\/logo\\\/image\\\/\"},\"sameAs\":[\"https:\\\/\\\/www.facebook.com\\\/patriziacampinglafoce\\\/\",\"https:\\\/\\\/www.instagram.com\\\/campinglafoce\\\/\"]}]}<\/script>\n<!-- \/ Yoast SEO plugin. -->","yoast_head_json":{"title":"Dichiarazione sulla Privacy (EU) - Camping La Foce","robots":{"index":"index","follow":"follow","max-snippet":"max-snippet:-1","max-image-preview":"max-image-preview:large","max-video-preview":"max-video-preview:-1"},"canonical":"https:\/\/www.campinglafoce.com\/da\/dichiarazione-sulla-privacy-eu\/","og_locale":"da_DK","og_type":"article","og_title":"Dichiarazione sulla Privacy (EU) - Camping La Foce","og_url":"https:\/\/www.campinglafoce.com\/da\/dichiarazione-sulla-privacy-eu\/","og_site_name":"Camping La Foce","article_publisher":"https:\/\/www.facebook.com\/patriziacampinglafoce\/","twitter_card":"summary_large_image","schema":{"@context":"https:\/\/schema.org","@graph":[{"@type":"WebPage","@id":"https:\/\/www.campinglafoce.com\/da\/dichiarazione-sulla-privacy-eu\/","url":"https:\/\/www.campinglafoce.com\/da\/dichiarazione-sulla-privacy-eu\/","name":"Dichiarazione sulla Privacy (EU) - Camping La Foce","isPartOf":{"@id":"https:\/\/www.campinglafoce.com\/da\/#website"},"datePublished":"2024-11-18T16:07:40+00:00","breadcrumb":{"@id":"https:\/\/www.campinglafoce.com\/da\/dichiarazione-sulla-privacy-eu\/#breadcrumb"},"inLanguage":"da-DK","potentialAction":[{"@type":"ReadAction","target":["https:\/\/www.campinglafoce.com\/da\/dichiarazione-sulla-privacy-eu\/"]}]},{"@type":"BreadcrumbList","@id":"https:\/\/www.campinglafoce.com\/da\/dichiarazione-sulla-privacy-eu\/#breadcrumb","itemListElement":[{"@type":"ListItem","position":1,"name":"Home","item":"https:\/\/www.campinglafoce.com\/da\/"},{"@type":"ListItem","position":2,"name":"Dichiarazione sulla Privacy (EU)"}]},{"@type":"WebSite","@id":"https:\/\/www.campinglafoce.com\/da\/#website","url":"https:\/\/www.campinglafoce.com\/da\/","name":"Camping La Foce","description":"\u00d8en Elba","publisher":{"@id":"https:\/\/www.campinglafoce.com\/da\/#organization"},"potentialAction":[{"@type":"SearchAction","target":{"@type":"EntryPoint","urlTemplate":"https:\/\/www.campinglafoce.com\/da\/?s={search_term_string}"},"query-input":{"@type":"PropertyValueSpecification","valueRequired":true,"valueName":"search_term_string"}}],"inLanguage":"da-DK"},{"@type":"Organization","@id":"https:\/\/www.campinglafoce.com\/da\/#organization","name":"Camping La Foce","url":"https:\/\/www.campinglafoce.com\/da\/","logo":{"@type":"ImageObject","inLanguage":"da-DK","@id":"https:\/\/www.campinglafoce.com\/da\/#\/schema\/logo\/image\/","url":"https:\/\/www.campinglafoce.com\/wp-content\/uploads\/camping_la_foce_w_small.png","contentUrl":"https:\/\/www.campinglafoce.com\/wp-content\/uploads\/camping_la_foce_w_small.png","width":248,"height":45,"caption":"Camping La Foce"},"image":{"@id":"https:\/\/www.campinglafoce.com\/da\/#\/schema\/logo\/image\/"},"sameAs":["https:\/\/www.facebook.com\/patriziacampinglafoce\/","https:\/\/www.instagram.com\/campinglafoce\/"]}]}},"_links":{"self":[{"href":"https:\/\/www.campinglafoce.com\/da\/wp-json\/wp\/v2\/pages\/25779","targetHints":{"allow":["GET"]}}],"collection":[{"href":"https:\/\/www.campinglafoce.com\/da\/wp-json\/wp\/v2\/pages"}],"about":[{"href":"https:\/\/www.campinglafoce.com\/da\/wp-json\/wp\/v2\/types\/page"}],"author":[{"embeddable":true,"href":"https:\/\/www.campinglafoce.com\/da\/wp-json\/wp\/v2\/users\/1"}],"replies":[{"embeddable":true,"href":"https:\/\/www.campinglafoce.com\/da\/wp-json\/wp\/v2\/comments?post=25779"}],"version-history":[{"count":0,"href":"https:\/\/www.campinglafoce.com\/da\/wp-json\/wp\/v2\/pages\/25779\/revisions"}],"wp:attachment":[{"href":"https:\/\/www.campinglafoce.com\/da\/wp-json\/wp\/v2\/media?parent=25779"}],"curies":[{"name":"wp","href":"https:\/\/api.w.org\/{rel}","templated":true}]}}