{"id":25413,"date":"2024-10-21T11:58:03","date_gmt":"2024-10-21T09:58:03","guid":{"rendered":"https:\/\/www.campinglafoce.com\/preventivo-online\/"},"modified":"2025-08-27T12:34:51","modified_gmt":"2025-08-27T10:34:51","slug":"online-praeventiv","status":"publish","type":"page","link":"https:\/\/www.campinglafoce.com\/de\/online-praeventiv\/","title":{"rendered":"Online Pr\u00e4ventiv"},"content":{"rendered":"\t\t<div data-elementor-type=\"wp-page\" data-elementor-id=\"25413\" class=\"elementor elementor-25413 elementor-22684\">\n\t\t\t\t<div class=\"elementor-element elementor-element-76cd830 e-con-full e-flex e-con e-parent\" data-id=\"76cd830\" data-element_type=\"container\" data-e-type=\"container\" data-settings=\"{&quot;background_background&quot;:&quot;classic&quot;}\">\n\t\t\t\t<div class=\"elementor-element elementor-element-54862c9 elementor-widget elementor-widget-spacer\" data-id=\"54862c9\" data-element_type=\"widget\" data-e-type=\"widget\" data-widget_type=\"spacer.default\">\n\t\t\t\t<div class=\"elementor-widget-container\">\n\t\t\t\t\t\t\t<div class=\"elementor-spacer\">\n\t\t\t<div class=\"elementor-spacer-inner\"><\/div>\n\t\t<\/div>\n\t\t\t\t\t\t<\/div>\n\t\t\t\t<\/div>\n\t\t\t\t<\/div>\n\t\t<div class=\"elementor-element elementor-element-37c8945a e-flex e-con-boxed e-con e-parent\" data-id=\"37c8945a\" data-element_type=\"container\" data-e-type=\"container\" data-settings=\"{&quot;background_background&quot;:&quot;classic&quot;}\">\n\t\t\t\t\t<div class=\"e-con-inner\">\n\t\t<div class=\"elementor-element elementor-element-1b6648c1 e-con-full e-flex e-con e-child\" data-id=\"1b6648c1\" data-element_type=\"container\" data-e-type=\"container\" data-settings=\"{&quot;background_background&quot;:&quot;classic&quot;}\">\n\t\t\t\t<div class=\"elementor-element elementor-element-7de7b025 elementor-widget__width-auto elementor-absolute elementor-hidden-tablet elementor-hidden-mobile elementor-widget elementor-widget-edublink-animation\" data-id=\"7de7b025\" data-element_type=\"widget\" data-e-type=\"widget\" data-settings=\"{&quot;_position&quot;:&quot;absolute&quot;}\" data-widget_type=\"edublink-animation.default\">\n\t\t\t\t<div class=\"elementor-widget-container\">\n\t\t\t\t\t<div class=\"edublink-animation-widget edublink-animation-display-type-mouse-track edublink-animation-content-type-image edublink-mouse-track-item\"><span data-depth=\"2\"><img decoding=\"async\" src=\"https:\/\/www.campinglafoce.com\/wp-content\/uploads\/shape-06.png\" alt=\"shape-06\"><\/span><\/div>\t\t\t\t<\/div>\n\t\t\t\t<\/div>\n\t\t<div class=\"elementor-element elementor-element-3ce40e90 e-con-full e-flex e-con e-child\" data-id=\"3ce40e90\" data-element_type=\"container\" data-e-type=\"container\" data-settings=\"{&quot;background_background&quot;:&quot;classic&quot;}\">\n\t\t<div class=\"elementor-element elementor-element-37b220fe e-con-full e-flex e-con e-child\" data-id=\"37b220fe\" data-element_type=\"container\" data-e-type=\"container\" data-settings=\"{&quot;background_background&quot;:&quot;classic&quot;}\">\n\t\t\t\t<div class=\"elementor-element elementor-element-5c606fe6 elementor-widget elementor-widget-heading\" data-id=\"5c606fe6\" data-element_type=\"widget\" data-e-type=\"widget\" data-widget_type=\"heading.default\">\n\t\t\t\t<div class=\"elementor-widget-container\">\n\t\t\t\t\t<h5 class=\"elementor-heading-title elementor-size-default\">Konsultieren Sie unsere<\/h5>\t\t\t\t<\/div>\n\t\t\t\t<\/div>\n\t\t\t\t<div class=\"elementor-element elementor-element-1747cc6 elementor-widget elementor-widget-edublink-button\" data-id=\"1747cc6\" data-element_type=\"widget\" data-e-type=\"widget\" data-widget_type=\"edublink-button.default\">\n\t\t\t\t<div class=\"elementor-widget-container\">\n\t\t\t\t\t<div class=\"edublink-button-widget-wrapper\"><a class=\"edublink-button-item edublink-button-style-custom edublink-button-size-small edublink-button-icon-position-\" href=\"\/de\/preise\/\">PREISE<\/a><\/div>\t\t\t\t<\/div>\n\t\t\t\t<\/div>\n\t\t\t\t<\/div>\n\t\t<div class=\"elementor-element elementor-element-4c1f7295 e-con-full e-flex e-con e-child\" data-id=\"4c1f7295\" data-element_type=\"container\" data-e-type=\"container\" data-settings=\"{&quot;background_background&quot;:&quot;classic&quot;}\">\n\t\t\t\t<div class=\"elementor-element elementor-element-29fb2455 elementor-widget elementor-widget-heading\" data-id=\"29fb2455\" data-element_type=\"widget\" data-e-type=\"widget\" data-widget_type=\"heading.default\">\n\t\t\t\t<div class=\"elementor-widget-container\">\n\t\t\t\t\t<h5 class=\"elementor-heading-title elementor-size-default\">Senden Sie uns Ihre<\/h5>\t\t\t\t<\/div>\n\t\t\t\t<\/div>\n\t\t\t\t<div class=\"elementor-element elementor-element-2585286d elementor-widget elementor-widget-edublink-button\" data-id=\"2585286d\" data-element_type=\"widget\" data-e-type=\"widget\" data-widget_type=\"edublink-button.default\">\n\t\t\t\t<div class=\"elementor-widget-container\">\n\t\t\t\t\t<div class=\"edublink-button-widget-wrapper\"><a class=\"edublink-button-item edublink-button-style-custom edublink-button-size-small edublink-button-icon-position-\" href=\"\/de\/infos-und-kontakte\/\">ANFRAGE<\/a><\/div>\t\t\t\t<\/div>\n\t\t\t\t<\/div>\n\t\t\t\t<\/div>\n\t\t\t\t<\/div>\n\t\t\t\t<\/div>\n\t\t\t\t\t<\/div>\n\t\t\t\t<\/div>\n\t\t<div class=\"elementor-element elementor-element-bd7f657 e-flex e-con-boxed e-con e-parent\" data-id=\"bd7f657\" data-element_type=\"container\" data-e-type=\"container\" data-settings=\"{&quot;background_background&quot;:&quot;classic&quot;,&quot;shape_divider_bottom&quot;:&quot;tilt&quot;}\">\n\t\t\t\t\t<div class=\"e-con-inner\">\n\t\t\t\t<div class=\"elementor-shape elementor-shape-bottom\" aria-hidden=\"true\" data-negative=\"false\">\n\t\t\t<svg xmlns=\"http:\/\/www.w3.org\/2000\/svg\" viewBox=\"0 0 1000 100\" preserveAspectRatio=\"none\">\n\t<path class=\"elementor-shape-fill\" d=\"M0,6V0h1000v100L0,6z\"\/>\n<\/svg>\t\t<\/div>\n\t\t<div class=\"elementor-element elementor-element-eafbd80 e-con-full e-flex e-con e-child\" data-id=\"eafbd80\" data-element_type=\"container\" data-e-type=\"container\">\n\t\t\t\t<div class=\"elementor-element elementor-element-6a19ce7 elementor-widget__width-auto elementor-absolute elementor-hidden-tablet elementor-hidden-mobile about-us-3-main elementor-invisible elementor-widget elementor-widget-edublink-animation\" data-id=\"6a19ce7\" data-element_type=\"widget\" data-e-type=\"widget\" data-settings=\"{&quot;_position&quot;:&quot;absolute&quot;,&quot;_animation&quot;:&quot;fadeIn&quot;,&quot;_animation_delay&quot;:500}\" data-widget_type=\"edublink-animation.default\">\n\t\t\t\t<div class=\"elementor-widget-container\">\n\t\t\t\t\t<div class=\"edublink-animation-widget edublink-animation-display-type-mouse-track edublink-animation-content-type-color edublink-mouse-track-item\"><span data-depth=\"\"><span class=\"edublink-animation-widget-color\"><\/span><\/span><\/div>\t\t\t\t<\/div>\n\t\t\t\t<\/div>\n\t\t\t\t<div class=\"elementor-element elementor-element-26c3a54 elementor-invisible elementor-widget elementor-widget-edublink-heading\" data-id=\"26c3a54\" data-element_type=\"widget\" data-e-type=\"widget\" data-settings=\"{&quot;_animation&quot;:&quot;edublink--slide-up&quot;,&quot;_animation_delay&quot;:150}\" data-widget_type=\"edublink-heading.default\">\n\t\t\t\t<div class=\"elementor-widget-container\">\n\t\t\t\t\t<div class=\"edublink-section-heading\"><span class=\"pre-heading\">PREISE 2025<\/span><h3 class=\"heading\">Online <mark>Pr\u00e4ventiv<\/mark><\/h3><div class=\"title-shape\"><i class=\"icon-19\"><\/i><\/div><\/div>\t\t\t\t<\/div>\n\t\t\t\t<\/div>\n\t\t\t\t<div class=\"elementor-element elementor-element-c8486b6 elementor-widget elementor-widget-text-editor\" data-id=\"c8486b6\" data-element_type=\"widget\" data-e-type=\"widget\" data-widget_type=\"text-editor.default\">\n\t\t\t\t<div class=\"elementor-widget-container\">\n\t\t\t\t\t\t\t\t\tDas Online-Angebot dient Ihnen als Hilfsmittel zur Kalkulation Ihrer Urlaubskosten. Es liefert KEINE Informationen zur Verf\u00fcgbarkeit des Campingplatzes oder anderer Unterk\u00fcnfte im ausgew\u00e4hlten Zeitraum.\t\t\t\t\t\t\t\t<\/div>\n\t\t\t\t<\/div>\n\t\t\t\t<div class=\"elementor-element elementor-element-79c6ba2 elementor-widget elementor-widget-text-editor\" data-id=\"79c6ba2\" data-element_type=\"widget\" data-e-type=\"widget\" data-widget_type=\"text-editor.default\">\n\t\t\t\t<div class=\"elementor-widget-container\">\n\t\t\t\t\t\t\t\t\tWenn Sie die Verf\u00fcgbarkeit pr\u00fcfen m\u00f6chten, <a href=\"https:\/\/www.campinglafoce.com\/de\/infos-und-kontakte\/\">kontaktieren Sie uns<\/a> bitte. Wir werden uns schnellstm\u00f6glich bei Ihnen melden.\t\t\t\t\t\t\t\t<\/div>\n\t\t\t\t<\/div>\n\t\t\t\t<div class=\"elementor-element elementor-element-35b7984 elementor-widget elementor-widget-shortcode\" data-id=\"35b7984\" data-element_type=\"widget\" data-e-type=\"widget\" data-widget_type=\"shortcode.default\">\n\t\t\t\t<div class=\"elementor-widget-container\">\n\t\t\t\t\t<script type=\"text\/javascript\">window[\"ccb_front_template_26044\"] = [];<\/script>\t\t<div class=\"elementor-shortcode\">\n<div class=\"ccb-main-widget \" id=\"ccb_app_26044\" data-calc-id=\"26044\"><\/div>\n<\/div>\n\t\t\t\t\t\t<\/div>\n\t\t\t\t<\/div>\n\t\t\t\t<\/div>\n\t\t\t\t\t<\/div>\n\t\t\t\t<\/div>\n\t\t<div class=\"elementor-element elementor-element-7a44b80 e-con-full e-flex e-con e-parent\" data-id=\"7a44b80\" data-element_type=\"container\" data-e-type=\"container\">\n\t\t<div class=\"elementor-element elementor-element-82e20a3 edublink-br-tp-none e-flex e-con-boxed elementor-invisible e-con e-child\" data-id=\"82e20a3\" data-element_type=\"container\" data-e-type=\"container\" data-settings=\"{&quot;animation&quot;:&quot;edublink--slide-left&quot;,&quot;animation_delay&quot;:150}\">\n\t\t\t\t\t<div class=\"e-con-inner\">\n\t\t\t\t<div class=\"elementor-element elementor-element-927ba30 elementor-invisible elementor-widget elementor-widget-edublink-heading\" data-id=\"927ba30\" data-element_type=\"widget\" data-e-type=\"widget\" data-settings=\"{&quot;_animation&quot;:&quot;edublink--slide-up&quot;,&quot;_animation_delay&quot;:150}\" data-widget_type=\"edublink-heading.default\">\n\t\t\t\t<div class=\"elementor-widget-container\">\n\t\t\t\t\t<div class=\"edublink-section-heading\"><h3 class=\"heading\">Reservierungen<\/h3><div class=\"title-shape\"><i class=\"icon-19\"><\/i><\/div><\/div>\t\t\t\t<\/div>\n\t\t\t\t<\/div>\n\t\t\t\t<div class=\"elementor-element elementor-element-c0b2efb elementor-widget elementor-widget-text-editor\" data-id=\"c0b2efb\" data-element_type=\"widget\" data-e-type=\"widget\" data-widget_type=\"text-editor.default\">\n\t\t\t\t<div class=\"elementor-widget-container\">\n\t\t\t\t\t\t\t\t\t<p>Reservierungen sind m\u00f6glich. Diese erfolgen schriftlich und erfordern die Zahlung einer Anzahlung, die per Bank\u00fcberweisung erfolgen muss. Bei Nichteinhaltung der Fristen wird die Buchungsanfrage storniert.<\/p>\n<p>Der Restbetrag muss sp\u00e4testens 1 Tag beglichen werden. vor der Abreise in bar oder per EC-Karte. Die Reservierung beinhaltet die Zahlung des auf der Grundlage des gesamten best\u00e4tigten Zeitraums berechneten Aufenthalts, auch im Falle einer versp\u00e4teten Ankunft (die umgehend mitgeteilt werden muss, um die Reservierung nicht ung\u00fcltig zu machen) oder einer vorzeitigen Abreise.<\/p>\t\t\t\t\t\t\t\t<\/div>\n\t\t\t\t<\/div>\n\t\t\t\t\t<\/div>\n\t\t\t\t<\/div>\n\t\t\t\t<\/div>\n\t\t\t\t<\/div>\n\t\t","protected":false},"excerpt":{"rendered":"<p>Konsultieren Sie unsere PREISE Senden Sie uns Ihre ANFRAGE PREISE 2025 Online Pr\u00e4ventiv Das Online-Angebot dient Ihnen als Hilfsmittel zur Kalkulation Ihrer Urlaubskosten. Es liefert KEINE Informationen zur Verf\u00fcgbarkeit des Campingplatzes oder anderer Unterk\u00fcnfte im ausgew\u00e4hlten Zeitraum.Wenn Sie die Verf\u00fcgbarkeit pr\u00fcfen m\u00f6chten, kontaktieren Sie uns bitte. Wir werden uns schnellstm\u00f6glich bei Ihnen melden. Reservierungen Reservierungen&#8230;<\/p>\n","protected":false},"author":1,"featured_media":0,"parent":0,"menu_order":40,"comment_status":"closed","ping_status":"closed","template":"","meta":{"footnotes":""},"class_list":["post-25413","page","type-page","status-publish","hentry"],"yoast_head":"<!-- This site is optimized with the Yoast SEO plugin v27.3 - https:\/\/yoast.com\/product\/yoast-seo-wordpress\/ -->\n<title>Online Pr\u00e4ventiv - Camping La Foce, Insel Elba<\/title>\n<meta name=\"robots\" content=\"index, follow, max-snippet:-1, max-image-preview:large, max-video-preview:-1\" \/>\n<link rel=\"canonical\" href=\"https:\/\/www.campinglafoce.com\/de\/online-praeventiv\/\" \/>\n<meta property=\"og:locale\" content=\"de_DE\" \/>\n<meta property=\"og:type\" content=\"article\" \/>\n<meta property=\"og:title\" content=\"Online Pr\u00e4ventiv - Camping La Foce, Insel Elba\" \/>\n<meta property=\"og:description\" content=\"Konsultieren Sie unsere PREISE Senden Sie uns Ihre ANFRAGE PREISE 2025 Online Pr\u00e4ventiv Das Online-Angebot dient Ihnen als Hilfsmittel zur Kalkulation Ihrer Urlaubskosten. Es liefert KEINE Informationen zur Verf\u00fcgbarkeit des Campingplatzes oder anderer Unterk\u00fcnfte im ausgew\u00e4hlten Zeitraum.Wenn Sie die Verf\u00fcgbarkeit pr\u00fcfen m\u00f6chten, kontaktieren Sie uns bitte. Wir werden uns schnellstm\u00f6glich bei Ihnen melden. Reservierungen Reservierungen&#8230;\" \/>\n<meta property=\"og:url\" content=\"https:\/\/www.campinglafoce.com\/de\/online-praeventiv\/\" \/>\n<meta property=\"og:site_name\" content=\"Camping La Foce\" \/>\n<meta property=\"article:publisher\" content=\"https:\/\/www.facebook.com\/patriziacampinglafoce\/\" \/>\n<meta property=\"article:modified_time\" content=\"2025-08-27T10:34:51+00:00\" \/>\n<meta property=\"og:image\" content=\"https:\/\/www.campinglafoce.com\/wp-content\/uploads\/shape-06.png\" \/>\n<meta name=\"twitter:card\" content=\"summary_large_image\" \/>\n<script type=\"application\/ld+json\" class=\"yoast-schema-graph\">{\"@context\":\"https:\\\/\\\/schema.org\",\"@graph\":[{\"@type\":\"WebPage\",\"@id\":\"https:\\\/\\\/www.campinglafoce.com\\\/de\\\/online-praeventiv\\\/\",\"url\":\"https:\\\/\\\/www.campinglafoce.com\\\/de\\\/online-praeventiv\\\/\",\"name\":\"Online Pr\u00e4ventiv - Camping La Foce, Insel Elba\",\"isPartOf\":{\"@id\":\"https:\\\/\\\/www.campinglafoce.com\\\/de\\\/#website\"},\"primaryImageOfPage\":{\"@id\":\"https:\\\/\\\/www.campinglafoce.com\\\/de\\\/online-praeventiv\\\/#primaryimage\"},\"image\":{\"@id\":\"https:\\\/\\\/www.campinglafoce.com\\\/de\\\/online-praeventiv\\\/#primaryimage\"},\"thumbnailUrl\":\"https:\\\/\\\/www.campinglafoce.com\\\/wp-content\\\/uploads\\\/shape-06.png\",\"datePublished\":\"2024-10-21T09:58:03+00:00\",\"dateModified\":\"2025-08-27T10:34:51+00:00\",\"breadcrumb\":{\"@id\":\"https:\\\/\\\/www.campinglafoce.com\\\/de\\\/online-praeventiv\\\/#breadcrumb\"},\"inLanguage\":\"de\",\"potentialAction\":[{\"@type\":\"ReadAction\",\"target\":[\"https:\\\/\\\/www.campinglafoce.com\\\/de\\\/online-praeventiv\\\/\"]}]},{\"@type\":\"ImageObject\",\"inLanguage\":\"de\",\"@id\":\"https:\\\/\\\/www.campinglafoce.com\\\/de\\\/online-praeventiv\\\/#primaryimage\",\"url\":\"https:\\\/\\\/www.campinglafoce.com\\\/wp-content\\\/uploads\\\/shape-06.png\",\"contentUrl\":\"https:\\\/\\\/www.campinglafoce.com\\\/wp-content\\\/uploads\\\/shape-06.png\"},{\"@type\":\"BreadcrumbList\",\"@id\":\"https:\\\/\\\/www.campinglafoce.com\\\/de\\\/online-praeventiv\\\/#breadcrumb\",\"itemListElement\":[{\"@type\":\"ListItem\",\"position\":1,\"name\":\"Home\",\"item\":\"https:\\\/\\\/www.campinglafoce.com\\\/de\\\/\"},{\"@type\":\"ListItem\",\"position\":2,\"name\":\"Online Pr\u00e4ventiv\"}]},{\"@type\":\"WebSite\",\"@id\":\"https:\\\/\\\/www.campinglafoce.com\\\/de\\\/#website\",\"url\":\"https:\\\/\\\/www.campinglafoce.com\\\/de\\\/\",\"name\":\"Camping La Foce\",\"description\":\"Insel Elba\",\"publisher\":{\"@id\":\"https:\\\/\\\/www.campinglafoce.com\\\/de\\\/#organization\"},\"potentialAction\":[{\"@type\":\"SearchAction\",\"target\":{\"@type\":\"EntryPoint\",\"urlTemplate\":\"https:\\\/\\\/www.campinglafoce.com\\\/de\\\/?s={search_term_string}\"},\"query-input\":{\"@type\":\"PropertyValueSpecification\",\"valueRequired\":true,\"valueName\":\"search_term_string\"}}],\"inLanguage\":\"de\"},{\"@type\":\"Organization\",\"@id\":\"https:\\\/\\\/www.campinglafoce.com\\\/de\\\/#organization\",\"name\":\"Camping La Foce\",\"url\":\"https:\\\/\\\/www.campinglafoce.com\\\/de\\\/\",\"logo\":{\"@type\":\"ImageObject\",\"inLanguage\":\"de\",\"@id\":\"https:\\\/\\\/www.campinglafoce.com\\\/de\\\/#\\\/schema\\\/logo\\\/image\\\/\",\"url\":\"https:\\\/\\\/www.campinglafoce.com\\\/wp-content\\\/uploads\\\/camping_la_foce_w_small.png\",\"contentUrl\":\"https:\\\/\\\/www.campinglafoce.com\\\/wp-content\\\/uploads\\\/camping_la_foce_w_small.png\",\"width\":248,\"height\":45,\"caption\":\"Camping La Foce\"},\"image\":{\"@id\":\"https:\\\/\\\/www.campinglafoce.com\\\/de\\\/#\\\/schema\\\/logo\\\/image\\\/\"},\"sameAs\":[\"https:\\\/\\\/www.facebook.com\\\/patriziacampinglafoce\\\/\",\"https:\\\/\\\/www.instagram.com\\\/campinglafoce\\\/\"]}]}<\/script>\n<!-- \/ Yoast SEO plugin. -->","yoast_head_json":{"title":"Online Pr\u00e4ventiv - Camping La Foce, Insel Elba","robots":{"index":"index","follow":"follow","max-snippet":"max-snippet:-1","max-image-preview":"max-image-preview:large","max-video-preview":"max-video-preview:-1"},"canonical":"https:\/\/www.campinglafoce.com\/de\/online-praeventiv\/","og_locale":"de_DE","og_type":"article","og_title":"Online Pr\u00e4ventiv - Camping La Foce, Insel Elba","og_description":"Konsultieren Sie unsere PREISE Senden Sie uns Ihre ANFRAGE PREISE 2025 Online Pr\u00e4ventiv Das Online-Angebot dient Ihnen als Hilfsmittel zur Kalkulation Ihrer Urlaubskosten. Es liefert KEINE Informationen zur Verf\u00fcgbarkeit des Campingplatzes oder anderer Unterk\u00fcnfte im ausgew\u00e4hlten Zeitraum.Wenn Sie die Verf\u00fcgbarkeit pr\u00fcfen m\u00f6chten, kontaktieren Sie uns bitte. Wir werden uns schnellstm\u00f6glich bei Ihnen melden. Reservierungen Reservierungen&#8230;","og_url":"https:\/\/www.campinglafoce.com\/de\/online-praeventiv\/","og_site_name":"Camping La Foce","article_publisher":"https:\/\/www.facebook.com\/patriziacampinglafoce\/","article_modified_time":"2025-08-27T10:34:51+00:00","og_image":[{"url":"https:\/\/www.campinglafoce.com\/wp-content\/uploads\/shape-06.png","type":"","width":"","height":""}],"twitter_card":"summary_large_image","schema":{"@context":"https:\/\/schema.org","@graph":[{"@type":"WebPage","@id":"https:\/\/www.campinglafoce.com\/de\/online-praeventiv\/","url":"https:\/\/www.campinglafoce.com\/de\/online-praeventiv\/","name":"Online Pr\u00e4ventiv - Camping La Foce, Insel Elba","isPartOf":{"@id":"https:\/\/www.campinglafoce.com\/de\/#website"},"primaryImageOfPage":{"@id":"https:\/\/www.campinglafoce.com\/de\/online-praeventiv\/#primaryimage"},"image":{"@id":"https:\/\/www.campinglafoce.com\/de\/online-praeventiv\/#primaryimage"},"thumbnailUrl":"https:\/\/www.campinglafoce.com\/wp-content\/uploads\/shape-06.png","datePublished":"2024-10-21T09:58:03+00:00","dateModified":"2025-08-27T10:34:51+00:00","breadcrumb":{"@id":"https:\/\/www.campinglafoce.com\/de\/online-praeventiv\/#breadcrumb"},"inLanguage":"de","potentialAction":[{"@type":"ReadAction","target":["https:\/\/www.campinglafoce.com\/de\/online-praeventiv\/"]}]},{"@type":"ImageObject","inLanguage":"de","@id":"https:\/\/www.campinglafoce.com\/de\/online-praeventiv\/#primaryimage","url":"https:\/\/www.campinglafoce.com\/wp-content\/uploads\/shape-06.png","contentUrl":"https:\/\/www.campinglafoce.com\/wp-content\/uploads\/shape-06.png"},{"@type":"BreadcrumbList","@id":"https:\/\/www.campinglafoce.com\/de\/online-praeventiv\/#breadcrumb","itemListElement":[{"@type":"ListItem","position":1,"name":"Home","item":"https:\/\/www.campinglafoce.com\/de\/"},{"@type":"ListItem","position":2,"name":"Online Pr\u00e4ventiv"}]},{"@type":"WebSite","@id":"https:\/\/www.campinglafoce.com\/de\/#website","url":"https:\/\/www.campinglafoce.com\/de\/","name":"Camping La Foce","description":"Insel Elba","publisher":{"@id":"https:\/\/www.campinglafoce.com\/de\/#organization"},"potentialAction":[{"@type":"SearchAction","target":{"@type":"EntryPoint","urlTemplate":"https:\/\/www.campinglafoce.com\/de\/?s={search_term_string}"},"query-input":{"@type":"PropertyValueSpecification","valueRequired":true,"valueName":"search_term_string"}}],"inLanguage":"de"},{"@type":"Organization","@id":"https:\/\/www.campinglafoce.com\/de\/#organization","name":"Camping La Foce","url":"https:\/\/www.campinglafoce.com\/de\/","logo":{"@type":"ImageObject","inLanguage":"de","@id":"https:\/\/www.campinglafoce.com\/de\/#\/schema\/logo\/image\/","url":"https:\/\/www.campinglafoce.com\/wp-content\/uploads\/camping_la_foce_w_small.png","contentUrl":"https:\/\/www.campinglafoce.com\/wp-content\/uploads\/camping_la_foce_w_small.png","width":248,"height":45,"caption":"Camping La Foce"},"image":{"@id":"https:\/\/www.campinglafoce.com\/de\/#\/schema\/logo\/image\/"},"sameAs":["https:\/\/www.facebook.com\/patriziacampinglafoce\/","https:\/\/www.instagram.com\/campinglafoce\/"]}]}},"_links":{"self":[{"href":"https:\/\/www.campinglafoce.com\/de\/wp-json\/wp\/v2\/pages\/25413","targetHints":{"allow":["GET"]}}],"collection":[{"href":"https:\/\/www.campinglafoce.com\/de\/wp-json\/wp\/v2\/pages"}],"about":[{"href":"https:\/\/www.campinglafoce.com\/de\/wp-json\/wp\/v2\/types\/page"}],"author":[{"embeddable":true,"href":"https:\/\/www.campinglafoce.com\/de\/wp-json\/wp\/v2\/users\/1"}],"replies":[{"embeddable":true,"href":"https:\/\/www.campinglafoce.com\/de\/wp-json\/wp\/v2\/comments?post=25413"}],"version-history":[{"count":23,"href":"https:\/\/www.campinglafoce.com\/de\/wp-json\/wp\/v2\/pages\/25413\/revisions"}],"predecessor-version":[{"id":26528,"href":"https:\/\/www.campinglafoce.com\/de\/wp-json\/wp\/v2\/pages\/25413\/revisions\/26528"}],"wp:attachment":[{"href":"https:\/\/www.campinglafoce.com\/de\/wp-json\/wp\/v2\/media?parent=25413"}],"curies":[{"name":"wp","href":"https:\/\/api.w.org\/{rel}","templated":true}]}}