{"id":25662,"date":"2024-10-07T09:35:11","date_gmt":"2024-10-07T07:35:11","guid":{"rendered":"https:\/\/www.campinglafoce.com\/prenotazione-traghetto\/"},"modified":"2025-10-01T14:44:19","modified_gmt":"2025-10-01T12:44:19","slug":"faehrbuchung","status":"publish","type":"page","link":"https:\/\/www.campinglafoce.com\/de\/faehrbuchung\/","title":{"rendered":"F\u00e4hrbuchung"},"content":{"rendered":"\t\t<div data-elementor-type=\"wp-page\" data-elementor-id=\"25662\" class=\"elementor elementor-25662 elementor-22081\">\n\t\t\t\t<div class=\"elementor-element elementor-element-76cd830 e-con-full e-flex e-con e-parent\" data-id=\"76cd830\" data-element_type=\"container\" data-e-type=\"container\" data-settings=\"{&quot;background_background&quot;:&quot;classic&quot;}\">\n\t\t\t\t<div class=\"elementor-element elementor-element-54862c9 elementor-widget elementor-widget-spacer\" data-id=\"54862c9\" data-element_type=\"widget\" data-e-type=\"widget\" data-widget_type=\"spacer.default\">\n\t\t\t\t<div class=\"elementor-widget-container\">\n\t\t\t\t\t\t\t<div class=\"elementor-spacer\">\n\t\t\t<div class=\"elementor-spacer-inner\"><\/div>\n\t\t<\/div>\n\t\t\t\t\t\t<\/div>\n\t\t\t\t<\/div>\n\t\t\t\t<\/div>\n\t\t<div class=\"elementor-element elementor-element-577600dc e-flex e-con-boxed e-con e-parent\" data-id=\"577600dc\" data-element_type=\"container\" data-e-type=\"container\" data-settings=\"{&quot;background_background&quot;:&quot;classic&quot;}\">\n\t\t\t\t\t<div class=\"e-con-inner\">\n\t\t<div class=\"elementor-element elementor-element-3f4d7209 e-con-full e-flex e-con e-child\" data-id=\"3f4d7209\" data-element_type=\"container\" data-e-type=\"container\" data-settings=\"{&quot;background_background&quot;:&quot;classic&quot;}\">\n\t\t\t\t<div class=\"elementor-element elementor-element-294e058b elementor-widget__width-auto elementor-absolute elementor-hidden-tablet elementor-hidden-mobile elementor-widget elementor-widget-edublink-animation\" data-id=\"294e058b\" data-element_type=\"widget\" data-e-type=\"widget\" data-settings=\"{&quot;_position&quot;:&quot;absolute&quot;}\" data-widget_type=\"edublink-animation.default\">\n\t\t\t\t<div class=\"elementor-widget-container\">\n\t\t\t\t\t<div class=\"edublink-animation-widget edublink-animation-display-type-mouse-track edublink-animation-content-type-image edublink-mouse-track-item\"><span data-depth=\"2\"><img decoding=\"async\" src=\"https:\/\/www.campinglafoce.com\/wp-content\/uploads\/shape-06.png\" alt=\"shape-06\"><\/span><\/div>\t\t\t\t<\/div>\n\t\t\t\t<\/div>\n\t\t<div class=\"elementor-element elementor-element-5f5cb11e e-con-full e-flex e-con e-child\" data-id=\"5f5cb11e\" data-element_type=\"container\" data-e-type=\"container\" data-settings=\"{&quot;background_background&quot;:&quot;classic&quot;}\">\n\t\t<div class=\"elementor-element elementor-element-7f7840c8 e-con-full e-flex e-con e-child\" data-id=\"7f7840c8\" data-element_type=\"container\" data-e-type=\"container\" data-settings=\"{&quot;background_background&quot;:&quot;classic&quot;}\">\n\t\t\t\t<div class=\"elementor-element elementor-element-77eb485e elementor-widget elementor-widget-heading\" data-id=\"77eb485e\" data-element_type=\"widget\" data-e-type=\"widget\" data-widget_type=\"heading.default\">\n\t\t\t\t<div class=\"elementor-widget-container\">\n\t\t\t\t\t<h5 class=\"elementor-heading-title elementor-size-default\">Berechnen Sie Ihr<\/h5>\t\t\t\t<\/div>\n\t\t\t\t<\/div>\n\t\t\t\t<div class=\"elementor-element elementor-element-376c8b67 elementor-widget elementor-widget-edublink-button\" data-id=\"376c8b67\" data-element_type=\"widget\" data-e-type=\"widget\" data-widget_type=\"edublink-button.default\">\n\t\t\t\t<div class=\"elementor-widget-container\">\n\t\t\t\t\t<div class=\"edublink-button-widget-wrapper\"><a class=\"edublink-button-item edublink-button-style-custom edublink-button-size-small edublink-button-icon-position-\" href=\"\/de\/online-praeventiv\/\">PR\u00c4VENTIV<\/a><\/div>\t\t\t\t<\/div>\n\t\t\t\t<\/div>\n\t\t\t\t<\/div>\n\t\t<div class=\"elementor-element elementor-element-160935d5 e-con-full e-flex e-con e-child\" data-id=\"160935d5\" data-element_type=\"container\" data-e-type=\"container\" data-settings=\"{&quot;background_background&quot;:&quot;classic&quot;}\">\n\t\t\t\t<div class=\"elementor-element elementor-element-4c4391bb elementor-widget elementor-widget-heading\" data-id=\"4c4391bb\" data-element_type=\"widget\" data-e-type=\"widget\" data-widget_type=\"heading.default\">\n\t\t\t\t<div class=\"elementor-widget-container\">\n\t\t\t\t\t<h5 class=\"elementor-heading-title elementor-size-default\">Konsultieren Sie unsere<\/h5>\t\t\t\t<\/div>\n\t\t\t\t<\/div>\n\t\t\t\t<div class=\"elementor-element elementor-element-7593c187 elementor-widget elementor-widget-edublink-button\" data-id=\"7593c187\" data-element_type=\"widget\" data-e-type=\"widget\" data-widget_type=\"edublink-button.default\">\n\t\t\t\t<div class=\"elementor-widget-container\">\n\t\t\t\t\t<div class=\"edublink-button-widget-wrapper\"><a class=\"edublink-button-item edublink-button-style-custom edublink-button-size-small edublink-button-icon-position-\" href=\"\/de\/preise\/\">PREISE<\/a><\/div>\t\t\t\t<\/div>\n\t\t\t\t<\/div>\n\t\t\t\t<\/div>\n\t\t<div class=\"elementor-element elementor-element-23afc93 e-con-full e-flex e-con e-child\" data-id=\"23afc93\" data-element_type=\"container\" data-e-type=\"container\" data-settings=\"{&quot;background_background&quot;:&quot;classic&quot;}\">\n\t\t\t\t<div class=\"elementor-element elementor-element-147e2d4 elementor-widget elementor-widget-heading\" data-id=\"147e2d4\" data-element_type=\"widget\" data-e-type=\"widget\" data-widget_type=\"heading.default\">\n\t\t\t\t<div class=\"elementor-widget-container\">\n\t\t\t\t\t<h5 class=\"elementor-heading-title elementor-size-default\">Senden Sie uns Ihre<\/h5>\t\t\t\t<\/div>\n\t\t\t\t<\/div>\n\t\t\t\t<div class=\"elementor-element elementor-element-240575a5 elementor-widget elementor-widget-edublink-button\" data-id=\"240575a5\" data-element_type=\"widget\" data-e-type=\"widget\" data-widget_type=\"edublink-button.default\">\n\t\t\t\t<div class=\"elementor-widget-container\">\n\t\t\t\t\t<div class=\"edublink-button-widget-wrapper\"><a class=\"edublink-button-item edublink-button-style-custom edublink-button-size-small edublink-button-icon-position-\" href=\"\/de\/infos-und-kontakte\/\">ANFRAGE<\/a><\/div>\t\t\t\t<\/div>\n\t\t\t\t<\/div>\n\t\t\t\t<\/div>\n\t\t\t\t<\/div>\n\t\t\t\t<\/div>\n\t\t\t\t\t<\/div>\n\t\t\t\t<\/div>\n\t\t<div class=\"elementor-element elementor-element-bd7f657 e-flex e-con-boxed e-con e-parent\" data-id=\"bd7f657\" data-element_type=\"container\" data-e-type=\"container\" data-settings=\"{&quot;background_background&quot;:&quot;classic&quot;}\">\n\t\t\t\t\t<div class=\"e-con-inner\">\n\t\t<div class=\"elementor-element elementor-element-eafbd80 e-con-full e-flex e-con e-child\" data-id=\"eafbd80\" data-element_type=\"container\" data-e-type=\"container\">\n\t\t\t\t<div class=\"elementor-element elementor-element-6a19ce7 elementor-widget__width-auto elementor-absolute elementor-hidden-tablet elementor-hidden-mobile about-us-3-main elementor-invisible elementor-widget elementor-widget-edublink-animation\" data-id=\"6a19ce7\" data-element_type=\"widget\" data-e-type=\"widget\" data-settings=\"{&quot;_position&quot;:&quot;absolute&quot;,&quot;_animation&quot;:&quot;fadeIn&quot;,&quot;_animation_delay&quot;:500}\" data-widget_type=\"edublink-animation.default\">\n\t\t\t\t<div class=\"elementor-widget-container\">\n\t\t\t\t\t<div class=\"edublink-animation-widget edublink-animation-display-type-mouse-track edublink-animation-content-type-color edublink-mouse-track-item\"><span data-depth=\"\"><span class=\"edublink-animation-widget-color\"><\/span><\/span><\/div>\t\t\t\t<\/div>\n\t\t\t\t<\/div>\n\t\t\t\t<div class=\"elementor-element elementor-element-26c3a54 elementor-invisible elementor-widget elementor-widget-edublink-heading\" data-id=\"26c3a54\" data-element_type=\"widget\" data-e-type=\"widget\" data-settings=\"{&quot;_animation&quot;:&quot;edublink--slide-up&quot;,&quot;_animation_delay&quot;:150}\" data-widget_type=\"edublink-heading.default\">\n\t\t\t\t<div class=\"elementor-widget-container\">\n\t\t\t\t\t<div class=\"edublink-section-heading\"><span class=\"pre-heading\">F\u00c4HRE ZUR INSEL ELBA<\/span><h3 class=\"heading\">F\u00e4hr<mark>buchung<\/mark><\/h3><div class=\"title-shape\"><i class=\"icon-19\"><\/i><\/div><\/div>\t\t\t\t<\/div>\n\t\t\t\t<\/div>\n\t\t\t\t<div class=\"elementor-element elementor-element-059b389 elementor-widget elementor-widget-html\" data-id=\"059b389\" data-element_type=\"widget\" data-e-type=\"widget\" data-widget_type=\"html.default\">\n\t\t\t\t<div class=\"elementor-widget-container\">\n\t\t\t\t\t<div style=\"margin-left: auto; margin-right: auto; max-width: 1200px\">\n<iframe id=\"tlines\" src=\"https:\/\/www.misterferry.de\/de\/faehren-insel-elba.aspx?UAID=57220&bkcolor=FFFFFF&txtcolor=1C406A&bkbtncolor=FFDC3B&txtbtncolor=1C406A&bktitolo=1C406A&txttitolo=60BEE8&language=de&iframe_booking=true&v2=true\" style=\"border:0px; width: 100%;\" class=\"tlines_frame\" scrolling=\"no\"><\/iframe>\n<p style=\"font-size:11px; margin: auto; font-family:Verdana;width: 100%;color:#666;margin-bottom: 12px;text-align: center;\">Dieser Buchungsservice ist Eigentum der <a href=\"https:\/\/www.misterferry.de\/de\/faehren-insel-elba.aspx?UAID=57220&bkcolor=FFFFFF&txtcolor=1C406A&bkbtncolor=FFDC3B&txtbtncolor=1C406A&bktitolo=1C406A&txttitolo=60BEE8\" target=\"_blank\" style=\"color:#666;text-decoration:none\">Misterferry.de<\/a><\/p>\n<script type=\"text\/javascript\" src=\"https:\/\/www.misterferry.de\/Ajax\/tlines_resp_v2.js\"><\/script>\n<\/div>\t\t\t\t<\/div>\n\t\t\t\t<\/div>\n\t\t\t\t<\/div>\n\t\t\t\t\t<\/div>\n\t\t\t\t<\/div>\n\t\t<div class=\"elementor-element elementor-element-7a44b80 e-con-full elementor-hidden-desktop elementor-hidden-tablet elementor-hidden-mobile e-flex e-con e-parent\" data-id=\"7a44b80\" data-element_type=\"container\" data-e-type=\"container\">\n\t\t<div class=\"elementor-element elementor-element-82e20a3 edublink-br-tp-none e-flex e-con-boxed elementor-invisible e-con e-child\" data-id=\"82e20a3\" data-element_type=\"container\" data-e-type=\"container\" data-settings=\"{&quot;animation&quot;:&quot;edublink--slide-left&quot;,&quot;animation_delay&quot;:150}\">\n\t\t\t\t\t<div class=\"e-con-inner\">\n\t\t\t\t<div class=\"elementor-element elementor-element-927ba30 elementor-invisible elementor-widget elementor-widget-edublink-heading\" data-id=\"927ba30\" data-element_type=\"widget\" data-e-type=\"widget\" data-settings=\"{&quot;_animation&quot;:&quot;edublink--slide-up&quot;,&quot;_animation_delay&quot;:150}\" data-widget_type=\"edublink-heading.default\">\n\t\t\t\t<div class=\"elementor-widget-container\">\n\t\t\t\t\t<div class=\"edublink-section-heading\"><span class=\"pre-heading\">F\u00c4HRE ZUR INSEL ELBA<\/span><h3 class=\"heading\">Mit <mark>Blu Navy<\/mark><\/h3><div class=\"title-shape\"><i class=\"icon-19\"><\/i><\/div><\/div>\t\t\t\t<\/div>\n\t\t\t\t<\/div>\n\t\t\t\t<div class=\"elementor-element elementor-element-af328cb elementor-widget elementor-widget-html\" data-id=\"af328cb\" data-element_type=\"widget\" data-e-type=\"widget\" data-widget_type=\"html.default\">\n\t\t\t\t<div class=\"elementor-widget-container\">\n\t\t\t\t\t<div style=\"margin: 0 auto;\"><iframe style=\"border: none; filter:drop-shadow(0px 3px 10px rgba(0,0,0,.2));\" src=\"https:\/\/blunavytraghetti.com\/de\/hotel\/camping-la-foce\/?iframe=banner\" width=\"100%\" height=\"100%\" allowtransparency=\"true\" class=\"blunavyembed\"><\/iframe><script src=\"https:\/\/blunavytraghetti.com\/wp-content\/themes\/cosmo\/assets\/js\/iframe\/embed.js\"><\/script><span style=\" font-family: sans-serif; color: #292C7E; font-size: 14px; padding-top: 10px;display: flex; align-items:center; justify-content:center; flex-wrap: wrap; gap: 10px; vertical-gap: 10px; \">Ein F\u00e4hrdienst zur Insel Elba, angeboten von <a style=\"font-family: sans-serif; color: #292C7E; font-size: 14px; text-decoration: none;\" href=\"https:\/\/blunavytraghetti.com\/de\/?utm_source=snippet-embed\">Blunavytraghetti.com<\/a> <a href=\"https:\/\/blunavytraghetti.com\/de\/?utm_source=snippet-embed\"><img decoding=\"async\" style=\"width: 80px;\" src=\"https:\/\/blunavytraghetti.com\/wp-content\/themes\/cosmo\/assets\/images\/logo-blunavy-traghetti.png\" alt=\"Logo BluNavy traghetti Elba\"\/><\/a><\/span><\/div>\t\t\t\t<\/div>\n\t\t\t\t<\/div>\n\t\t\t\t\t<\/div>\n\t\t\t\t<\/div>\n\t\t\t\t<\/div>\n\t\t\t\t<\/div>\n\t\t","protected":false},"excerpt":{"rendered":"<p>Berechnen Sie Ihr PR\u00c4VENTIV Konsultieren Sie unsere PREISE Senden Sie uns Ihre ANFRAGE F\u00c4HRE ZUR INSEL ELBA F\u00e4hrbuchung Dieser Buchungsservice ist Eigentum der Misterferry.de F\u00c4HRE ZUR INSEL ELBA Mit Blu Navy Ein F\u00e4hrdienst zur Insel Elba, angeboten von Blunavytraghetti.com<\/p>\n","protected":false},"author":1,"featured_media":0,"parent":0,"menu_order":43,"comment_status":"closed","ping_status":"closed","template":"","meta":{"footnotes":""},"class_list":["post-25662","page","type-page","status-publish","hentry"],"yoast_head":"<!-- This site is optimized with the Yoast SEO plugin v27.3 - https:\/\/yoast.com\/product\/yoast-seo-wordpress\/ -->\n<title>F\u00e4hrbuchung - Camping La Foce, Insel Elba<\/title>\n<meta name=\"robots\" content=\"index, follow, max-snippet:-1, max-image-preview:large, max-video-preview:-1\" \/>\n<link rel=\"canonical\" href=\"https:\/\/www.campinglafoce.com\/de\/faehrbuchung\/\" \/>\n<meta property=\"og:locale\" content=\"de_DE\" \/>\n<meta property=\"og:type\" content=\"article\" \/>\n<meta property=\"og:title\" content=\"F\u00e4hrbuchung - Camping La Foce, Insel Elba\" \/>\n<meta property=\"og:description\" content=\"Berechnen Sie Ihr PR\u00c4VENTIV Konsultieren Sie unsere PREISE Senden Sie uns Ihre ANFRAGE F\u00c4HRE ZUR INSEL ELBA F\u00e4hrbuchung Dieser Buchungsservice ist Eigentum der Misterferry.de F\u00c4HRE ZUR INSEL ELBA Mit Blu Navy Ein F\u00e4hrdienst zur Insel Elba, angeboten von Blunavytraghetti.com\" \/>\n<meta property=\"og:url\" content=\"https:\/\/www.campinglafoce.com\/de\/faehrbuchung\/\" \/>\n<meta property=\"og:site_name\" content=\"Camping La Foce\" \/>\n<meta property=\"article:publisher\" content=\"https:\/\/www.facebook.com\/patriziacampinglafoce\/\" \/>\n<meta property=\"article:modified_time\" content=\"2025-10-01T12:44:19+00:00\" \/>\n<meta property=\"og:image\" content=\"https:\/\/www.campinglafoce.com\/wp-content\/uploads\/shape-06.png\" \/>\n<meta name=\"twitter:card\" content=\"summary_large_image\" \/>\n<script type=\"application\/ld+json\" class=\"yoast-schema-graph\">{\"@context\":\"https:\\\/\\\/schema.org\",\"@graph\":[{\"@type\":\"WebPage\",\"@id\":\"https:\\\/\\\/www.campinglafoce.com\\\/de\\\/faehrbuchung\\\/\",\"url\":\"https:\\\/\\\/www.campinglafoce.com\\\/de\\\/faehrbuchung\\\/\",\"name\":\"F\u00e4hrbuchung - Camping La Foce, Insel Elba\",\"isPartOf\":{\"@id\":\"https:\\\/\\\/www.campinglafoce.com\\\/de\\\/#website\"},\"primaryImageOfPage\":{\"@id\":\"https:\\\/\\\/www.campinglafoce.com\\\/de\\\/faehrbuchung\\\/#primaryimage\"},\"image\":{\"@id\":\"https:\\\/\\\/www.campinglafoce.com\\\/de\\\/faehrbuchung\\\/#primaryimage\"},\"thumbnailUrl\":\"https:\\\/\\\/www.campinglafoce.com\\\/wp-content\\\/uploads\\\/shape-06.png\",\"datePublished\":\"2024-10-07T07:35:11+00:00\",\"dateModified\":\"2025-10-01T12:44:19+00:00\",\"breadcrumb\":{\"@id\":\"https:\\\/\\\/www.campinglafoce.com\\\/de\\\/faehrbuchung\\\/#breadcrumb\"},\"inLanguage\":\"de\",\"potentialAction\":[{\"@type\":\"ReadAction\",\"target\":[\"https:\\\/\\\/www.campinglafoce.com\\\/de\\\/faehrbuchung\\\/\"]}]},{\"@type\":\"ImageObject\",\"inLanguage\":\"de\",\"@id\":\"https:\\\/\\\/www.campinglafoce.com\\\/de\\\/faehrbuchung\\\/#primaryimage\",\"url\":\"https:\\\/\\\/www.campinglafoce.com\\\/wp-content\\\/uploads\\\/shape-06.png\",\"contentUrl\":\"https:\\\/\\\/www.campinglafoce.com\\\/wp-content\\\/uploads\\\/shape-06.png\"},{\"@type\":\"BreadcrumbList\",\"@id\":\"https:\\\/\\\/www.campinglafoce.com\\\/de\\\/faehrbuchung\\\/#breadcrumb\",\"itemListElement\":[{\"@type\":\"ListItem\",\"position\":1,\"name\":\"Home\",\"item\":\"https:\\\/\\\/www.campinglafoce.com\\\/de\\\/\"},{\"@type\":\"ListItem\",\"position\":2,\"name\":\"F\u00e4hrbuchung\"}]},{\"@type\":\"WebSite\",\"@id\":\"https:\\\/\\\/www.campinglafoce.com\\\/de\\\/#website\",\"url\":\"https:\\\/\\\/www.campinglafoce.com\\\/de\\\/\",\"name\":\"Camping La Foce\",\"description\":\"Insel Elba\",\"publisher\":{\"@id\":\"https:\\\/\\\/www.campinglafoce.com\\\/de\\\/#organization\"},\"potentialAction\":[{\"@type\":\"SearchAction\",\"target\":{\"@type\":\"EntryPoint\",\"urlTemplate\":\"https:\\\/\\\/www.campinglafoce.com\\\/de\\\/?s={search_term_string}\"},\"query-input\":{\"@type\":\"PropertyValueSpecification\",\"valueRequired\":true,\"valueName\":\"search_term_string\"}}],\"inLanguage\":\"de\"},{\"@type\":\"Organization\",\"@id\":\"https:\\\/\\\/www.campinglafoce.com\\\/de\\\/#organization\",\"name\":\"Camping La Foce\",\"url\":\"https:\\\/\\\/www.campinglafoce.com\\\/de\\\/\",\"logo\":{\"@type\":\"ImageObject\",\"inLanguage\":\"de\",\"@id\":\"https:\\\/\\\/www.campinglafoce.com\\\/de\\\/#\\\/schema\\\/logo\\\/image\\\/\",\"url\":\"https:\\\/\\\/www.campinglafoce.com\\\/wp-content\\\/uploads\\\/camping_la_foce_w_small.png\",\"contentUrl\":\"https:\\\/\\\/www.campinglafoce.com\\\/wp-content\\\/uploads\\\/camping_la_foce_w_small.png\",\"width\":248,\"height\":45,\"caption\":\"Camping La Foce\"},\"image\":{\"@id\":\"https:\\\/\\\/www.campinglafoce.com\\\/de\\\/#\\\/schema\\\/logo\\\/image\\\/\"},\"sameAs\":[\"https:\\\/\\\/www.facebook.com\\\/patriziacampinglafoce\\\/\",\"https:\\\/\\\/www.instagram.com\\\/campinglafoce\\\/\"]}]}<\/script>\n<!-- \/ Yoast SEO plugin. -->","yoast_head_json":{"title":"F\u00e4hrbuchung - Camping La Foce, Insel Elba","robots":{"index":"index","follow":"follow","max-snippet":"max-snippet:-1","max-image-preview":"max-image-preview:large","max-video-preview":"max-video-preview:-1"},"canonical":"https:\/\/www.campinglafoce.com\/de\/faehrbuchung\/","og_locale":"de_DE","og_type":"article","og_title":"F\u00e4hrbuchung - Camping La Foce, Insel Elba","og_description":"Berechnen Sie Ihr PR\u00c4VENTIV Konsultieren Sie unsere PREISE Senden Sie uns Ihre ANFRAGE F\u00c4HRE ZUR INSEL ELBA F\u00e4hrbuchung Dieser Buchungsservice ist Eigentum der Misterferry.de F\u00c4HRE ZUR INSEL ELBA Mit Blu Navy Ein F\u00e4hrdienst zur Insel Elba, angeboten von Blunavytraghetti.com","og_url":"https:\/\/www.campinglafoce.com\/de\/faehrbuchung\/","og_site_name":"Camping La Foce","article_publisher":"https:\/\/www.facebook.com\/patriziacampinglafoce\/","article_modified_time":"2025-10-01T12:44:19+00:00","og_image":[{"url":"https:\/\/www.campinglafoce.com\/wp-content\/uploads\/shape-06.png","type":"","width":"","height":""}],"twitter_card":"summary_large_image","schema":{"@context":"https:\/\/schema.org","@graph":[{"@type":"WebPage","@id":"https:\/\/www.campinglafoce.com\/de\/faehrbuchung\/","url":"https:\/\/www.campinglafoce.com\/de\/faehrbuchung\/","name":"F\u00e4hrbuchung - Camping La Foce, Insel Elba","isPartOf":{"@id":"https:\/\/www.campinglafoce.com\/de\/#website"},"primaryImageOfPage":{"@id":"https:\/\/www.campinglafoce.com\/de\/faehrbuchung\/#primaryimage"},"image":{"@id":"https:\/\/www.campinglafoce.com\/de\/faehrbuchung\/#primaryimage"},"thumbnailUrl":"https:\/\/www.campinglafoce.com\/wp-content\/uploads\/shape-06.png","datePublished":"2024-10-07T07:35:11+00:00","dateModified":"2025-10-01T12:44:19+00:00","breadcrumb":{"@id":"https:\/\/www.campinglafoce.com\/de\/faehrbuchung\/#breadcrumb"},"inLanguage":"de","potentialAction":[{"@type":"ReadAction","target":["https:\/\/www.campinglafoce.com\/de\/faehrbuchung\/"]}]},{"@type":"ImageObject","inLanguage":"de","@id":"https:\/\/www.campinglafoce.com\/de\/faehrbuchung\/#primaryimage","url":"https:\/\/www.campinglafoce.com\/wp-content\/uploads\/shape-06.png","contentUrl":"https:\/\/www.campinglafoce.com\/wp-content\/uploads\/shape-06.png"},{"@type":"BreadcrumbList","@id":"https:\/\/www.campinglafoce.com\/de\/faehrbuchung\/#breadcrumb","itemListElement":[{"@type":"ListItem","position":1,"name":"Home","item":"https:\/\/www.campinglafoce.com\/de\/"},{"@type":"ListItem","position":2,"name":"F\u00e4hrbuchung"}]},{"@type":"WebSite","@id":"https:\/\/www.campinglafoce.com\/de\/#website","url":"https:\/\/www.campinglafoce.com\/de\/","name":"Camping La Foce","description":"Insel Elba","publisher":{"@id":"https:\/\/www.campinglafoce.com\/de\/#organization"},"potentialAction":[{"@type":"SearchAction","target":{"@type":"EntryPoint","urlTemplate":"https:\/\/www.campinglafoce.com\/de\/?s={search_term_string}"},"query-input":{"@type":"PropertyValueSpecification","valueRequired":true,"valueName":"search_term_string"}}],"inLanguage":"de"},{"@type":"Organization","@id":"https:\/\/www.campinglafoce.com\/de\/#organization","name":"Camping La Foce","url":"https:\/\/www.campinglafoce.com\/de\/","logo":{"@type":"ImageObject","inLanguage":"de","@id":"https:\/\/www.campinglafoce.com\/de\/#\/schema\/logo\/image\/","url":"https:\/\/www.campinglafoce.com\/wp-content\/uploads\/camping_la_foce_w_small.png","contentUrl":"https:\/\/www.campinglafoce.com\/wp-content\/uploads\/camping_la_foce_w_small.png","width":248,"height":45,"caption":"Camping La Foce"},"image":{"@id":"https:\/\/www.campinglafoce.com\/de\/#\/schema\/logo\/image\/"},"sameAs":["https:\/\/www.facebook.com\/patriziacampinglafoce\/","https:\/\/www.instagram.com\/campinglafoce\/"]}]}},"_links":{"self":[{"href":"https:\/\/www.campinglafoce.com\/de\/wp-json\/wp\/v2\/pages\/25662","targetHints":{"allow":["GET"]}}],"collection":[{"href":"https:\/\/www.campinglafoce.com\/de\/wp-json\/wp\/v2\/pages"}],"about":[{"href":"https:\/\/www.campinglafoce.com\/de\/wp-json\/wp\/v2\/types\/page"}],"author":[{"embeddable":true,"href":"https:\/\/www.campinglafoce.com\/de\/wp-json\/wp\/v2\/users\/1"}],"replies":[{"embeddable":true,"href":"https:\/\/www.campinglafoce.com\/de\/wp-json\/wp\/v2\/comments?post=25662"}],"version-history":[{"count":16,"href":"https:\/\/www.campinglafoce.com\/de\/wp-json\/wp\/v2\/pages\/25662\/revisions"}],"predecessor-version":[{"id":26580,"href":"https:\/\/www.campinglafoce.com\/de\/wp-json\/wp\/v2\/pages\/25662\/revisions\/26580"}],"wp:attachment":[{"href":"https:\/\/www.campinglafoce.com\/de\/wp-json\/wp\/v2\/media?parent=25662"}],"curies":[{"name":"wp","href":"https:\/\/api.w.org\/{rel}","templated":true}]}}