{"id":25787,"date":"2024-11-18T17:07:40","date_gmt":"2024-11-18T16:07:40","guid":{"rendered":"https:\/\/www.campinglafoce.com\/imprint\/"},"modified":"2024-11-18T17:07:40","modified_gmt":"2024-11-18T16:07:40","slug":"imprint","status":"publish","type":"page","link":"https:\/\/www.campinglafoce.com\/fr\/imprint\/","title":{"rendered":"Imprint"},"content":{"rendered":"\n<!-- Legal document generated by Complianz | GDPR\/CCPA Cookie Consent https:\/\/wordpress.org\/plugins\/complianz-gdpr -->\n<div id=\"cmplz-document\" class=\"cmplz-document impressum cmplz-document-all\"><p><i>Cette imprint a \u00e9t\u00e9 mise \u00e0 jour pour la derni\u00e8re fois le 13 novembre 2025.<\/i><\/p><p class=\"cmplz-subtitle\">Le propri\u00e9taire de ce site web est\u00a0:<\/p><p>Camping La Foce <br>Via della Foce 379, 57034, Campo nell'Elba (LI)<br>Italie<br>E-mail\u00a0:&nbsp;<span class=\"cmplz-obfuscate\">in&#102;o@<span class=\"cmplz-fmail-domain\">ex&#046;&#099;&#111;m<\/span>c&#097;&#109;pi&#110;&#103;&#108;afo&#099;&#101;.&#099;om<\/span><br>Num\u00e9ro de t\u00e9l\u00e9phone\u00a0: +39 0565 976456<br>ID TVA\u00a0:&nbsp;01351240492<\/p><p class=\"cmplz-subtitle\">Le(s) repr\u00e9sentant(s) l\u00e9gal(aux) de Camping La Foce \u00a0:<\/p><p>Patrizia Frassinetti<\/p><h2>1. G\u00e9n\u00e9ral<\/h2><p>Nous ne sommes ni dispos\u00e9s ni oblig\u00e9s de participer \u00e0 des proc\u00e9dures de r\u00e8glement des litiges devant une commission d\u2019arbitrage des consommateurs.<\/p><h2>2. Les informations suivantes sont obligatoires selon la loi allemande.<\/h2><\/div>\n","protected":false},"excerpt":{"rendered":"","protected":false},"author":1,"featured_media":0,"parent":0,"menu_order":99,"comment_status":"closed","ping_status":"closed","template":"","meta":{"footnotes":""},"class_list":["post-25787","page","type-page","status-publish","hentry"],"yoast_head":"<!-- This site is optimized with the Yoast SEO plugin v26.6 - https:\/\/yoast.com\/wordpress\/plugins\/seo\/ -->\n<title>Imprint - Camping La Foce<\/title>\n<meta name=\"robots\" content=\"index, follow, max-snippet:-1, max-image-preview:large, max-video-preview:-1\" \/>\n<link rel=\"canonical\" href=\"https:\/\/www.campinglafoce.com\/fr\/imprint\/\" \/>\n<meta property=\"og:locale\" content=\"fr_FR\" \/>\n<meta property=\"og:type\" content=\"article\" \/>\n<meta property=\"og:title\" content=\"Imprint - Camping La Foce\" \/>\n<meta property=\"og:url\" content=\"https:\/\/www.campinglafoce.com\/fr\/imprint\/\" \/>\n<meta property=\"og:site_name\" content=\"Camping La Foce\" \/>\n<meta property=\"article:publisher\" content=\"https:\/\/www.facebook.com\/patriziacampinglafoce\/\" \/>\n<meta name=\"twitter:card\" content=\"summary_large_image\" \/>\n<script type=\"application\/ld+json\" class=\"yoast-schema-graph\">{\"@context\":\"https:\/\/schema.org\",\"@graph\":[{\"@type\":\"WebPage\",\"@id\":\"https:\/\/www.campinglafoce.com\/fr\/imprint\/\",\"url\":\"https:\/\/www.campinglafoce.com\/fr\/imprint\/\",\"name\":\"Imprint - Camping La Foce\",\"isPartOf\":{\"@id\":\"https:\/\/www.campinglafoce.com\/fr\/#website\"},\"datePublished\":\"2024-11-18T16:07:40+00:00\",\"breadcrumb\":{\"@id\":\"https:\/\/www.campinglafoce.com\/fr\/imprint\/#breadcrumb\"},\"inLanguage\":\"fr-FR\",\"potentialAction\":[{\"@type\":\"ReadAction\",\"target\":[\"https:\/\/www.campinglafoce.com\/fr\/imprint\/\"]}]},{\"@type\":\"BreadcrumbList\",\"@id\":\"https:\/\/www.campinglafoce.com\/fr\/imprint\/#breadcrumb\",\"itemListElement\":[{\"@type\":\"ListItem\",\"position\":1,\"name\":\"Home\",\"item\":\"https:\/\/www.campinglafoce.com\/fr\/\"},{\"@type\":\"ListItem\",\"position\":2,\"name\":\"Imprint\"}]},{\"@type\":\"WebSite\",\"@id\":\"https:\/\/www.campinglafoce.com\/fr\/#website\",\"url\":\"https:\/\/www.campinglafoce.com\/fr\/\",\"name\":\"Camping La Foce\",\"description\":\"\u00cele d'Elbe\",\"publisher\":{\"@id\":\"https:\/\/www.campinglafoce.com\/fr\/#organization\"},\"potentialAction\":[{\"@type\":\"SearchAction\",\"target\":{\"@type\":\"EntryPoint\",\"urlTemplate\":\"https:\/\/www.campinglafoce.com\/fr\/?s={search_term_string}\"},\"query-input\":{\"@type\":\"PropertyValueSpecification\",\"valueRequired\":true,\"valueName\":\"search_term_string\"}}],\"inLanguage\":\"fr-FR\"},{\"@type\":\"Organization\",\"@id\":\"https:\/\/www.campinglafoce.com\/fr\/#organization\",\"name\":\"Camping La Foce\",\"url\":\"https:\/\/www.campinglafoce.com\/fr\/\",\"logo\":{\"@type\":\"ImageObject\",\"inLanguage\":\"fr-FR\",\"@id\":\"https:\/\/www.campinglafoce.com\/fr\/#\/schema\/logo\/image\/\",\"url\":\"https:\/\/www.campinglafoce.com\/wp-content\/uploads\/camping_la_foce_w_small.png\",\"contentUrl\":\"https:\/\/www.campinglafoce.com\/wp-content\/uploads\/camping_la_foce_w_small.png\",\"width\":248,\"height\":45,\"caption\":\"Camping La Foce\"},\"image\":{\"@id\":\"https:\/\/www.campinglafoce.com\/fr\/#\/schema\/logo\/image\/\"},\"sameAs\":[\"https:\/\/www.facebook.com\/patriziacampinglafoce\/\",\"https:\/\/www.instagram.com\/campinglafoce\/\"]}]}<\/script>\n<!-- \/ Yoast SEO plugin. -->","yoast_head_json":{"title":"Imprint - Camping La Foce","robots":{"index":"index","follow":"follow","max-snippet":"max-snippet:-1","max-image-preview":"max-image-preview:large","max-video-preview":"max-video-preview:-1"},"canonical":"https:\/\/www.campinglafoce.com\/fr\/imprint\/","og_locale":"fr_FR","og_type":"article","og_title":"Imprint - Camping La Foce","og_url":"https:\/\/www.campinglafoce.com\/fr\/imprint\/","og_site_name":"Camping La Foce","article_publisher":"https:\/\/www.facebook.com\/patriziacampinglafoce\/","twitter_card":"summary_large_image","schema":{"@context":"https:\/\/schema.org","@graph":[{"@type":"WebPage","@id":"https:\/\/www.campinglafoce.com\/fr\/imprint\/","url":"https:\/\/www.campinglafoce.com\/fr\/imprint\/","name":"Imprint - Camping La Foce","isPartOf":{"@id":"https:\/\/www.campinglafoce.com\/fr\/#website"},"datePublished":"2024-11-18T16:07:40+00:00","breadcrumb":{"@id":"https:\/\/www.campinglafoce.com\/fr\/imprint\/#breadcrumb"},"inLanguage":"fr-FR","potentialAction":[{"@type":"ReadAction","target":["https:\/\/www.campinglafoce.com\/fr\/imprint\/"]}]},{"@type":"BreadcrumbList","@id":"https:\/\/www.campinglafoce.com\/fr\/imprint\/#breadcrumb","itemListElement":[{"@type":"ListItem","position":1,"name":"Home","item":"https:\/\/www.campinglafoce.com\/fr\/"},{"@type":"ListItem","position":2,"name":"Imprint"}]},{"@type":"WebSite","@id":"https:\/\/www.campinglafoce.com\/fr\/#website","url":"https:\/\/www.campinglafoce.com\/fr\/","name":"Camping La Foce","description":"\u00cele d'Elbe","publisher":{"@id":"https:\/\/www.campinglafoce.com\/fr\/#organization"},"potentialAction":[{"@type":"SearchAction","target":{"@type":"EntryPoint","urlTemplate":"https:\/\/www.campinglafoce.com\/fr\/?s={search_term_string}"},"query-input":{"@type":"PropertyValueSpecification","valueRequired":true,"valueName":"search_term_string"}}],"inLanguage":"fr-FR"},{"@type":"Organization","@id":"https:\/\/www.campinglafoce.com\/fr\/#organization","name":"Camping La Foce","url":"https:\/\/www.campinglafoce.com\/fr\/","logo":{"@type":"ImageObject","inLanguage":"fr-FR","@id":"https:\/\/www.campinglafoce.com\/fr\/#\/schema\/logo\/image\/","url":"https:\/\/www.campinglafoce.com\/wp-content\/uploads\/camping_la_foce_w_small.png","contentUrl":"https:\/\/www.campinglafoce.com\/wp-content\/uploads\/camping_la_foce_w_small.png","width":248,"height":45,"caption":"Camping La Foce"},"image":{"@id":"https:\/\/www.campinglafoce.com\/fr\/#\/schema\/logo\/image\/"},"sameAs":["https:\/\/www.facebook.com\/patriziacampinglafoce\/","https:\/\/www.instagram.com\/campinglafoce\/"]}]}},"_links":{"self":[{"href":"https:\/\/www.campinglafoce.com\/fr\/wp-json\/wp\/v2\/pages\/25787","targetHints":{"allow":["GET"]}}],"collection":[{"href":"https:\/\/www.campinglafoce.com\/fr\/wp-json\/wp\/v2\/pages"}],"about":[{"href":"https:\/\/www.campinglafoce.com\/fr\/wp-json\/wp\/v2\/types\/page"}],"author":[{"embeddable":true,"href":"https:\/\/www.campinglafoce.com\/fr\/wp-json\/wp\/v2\/users\/1"}],"replies":[{"embeddable":true,"href":"https:\/\/www.campinglafoce.com\/fr\/wp-json\/wp\/v2\/comments?post=25787"}],"version-history":[{"count":0,"href":"https:\/\/www.campinglafoce.com\/fr\/wp-json\/wp\/v2\/pages\/25787\/revisions"}],"wp:attachment":[{"href":"https:\/\/www.campinglafoce.com\/fr\/wp-json\/wp\/v2\/media?parent=25787"}],"curies":[{"name":"wp","href":"https:\/\/api.w.org\/{rel}","templated":true}]}}